{"id":13,"date":"2019-03-12T18:42:47","date_gmt":"2019-03-12T17:42:47","guid":{"rendered":"https:\/\/www.yestoday.fr\/?page_id=13"},"modified":"2023-02-21T18:15:49","modified_gmt":"2023-02-21T17:15:49","slug":"contact","status":"publish","type":"page","link":"https:\/\/yestoday.fr\/en\/contact\/","title":{"rendered":"contact"},"content":{"rendered":"<p><img decoding=\"async\" class=\"alignnone size-full wp-image-544 aligncenter lazyload\" data-src=\"https:\/\/www.yestoday.fr\/wp-content\/uploads\/2019\/05\/Ashbury_Haight_D-e1559072880982.png\" alt=\"\" width=\"225\" height=\"284\" src=\"data:image\/svg+xml;base64,PHN2ZyB3aWR0aD0iMSIgaGVpZ2h0PSIxIiB4bWxucz0iaHR0cDovL3d3dy53My5vcmcvMjAwMC9zdmciPjwvc3ZnPg==\" style=\"--smush-placeholder-width: 225px; --smush-placeholder-aspect-ratio: 225\/284;\" \/><br \/>\n<br style=\"clear: both;\" \/>For everything related to the community page, you can send us your posts to<br \/>\n<br style=\"clear: both;\" \/><a href=\"mailto:community@yestoday.fr\" target=\"_blank\" rel=\"noopener noreferrer\">community@yestoday.fr<\/a><br \/>\n<br style=\"clear: both;\" \/>All proposals for contributions will be moderated before any publication.<br \/>\n<br style=\"clear: both;\" \/>But write to us, let go, we love it !<br \/>\n<br style=\"clear: both;\" \/>And for all other communications, you can contact us at the following emails :<br \/>\n<br style=\"clear: both;\" \/><\/p>\n<p>Master of ceremony : <a href=\"mailto:mc@yestoday.fr\" target=\"_blank\" rel=\"noopener noreferrer\">mc@yestoday.fr<\/a><\/p>\n<p>King of business : <a href=\"mailto:wolf@yestoday.fr\">wolf@yestoday.fr<\/a><\/p>\n<p>L&rsquo;antre artistique : <a href=\"mailto:art@yestoday.fr\">art@yestoday.fr<\/a><\/p>\n<p>International unit : <a href=\"mailto:world@yestoday.fr\">world@yestoday.fr<\/a><\/p>\n<p>Robots manager : <a href=\"mailto:d2r2@yestoday.fr\">d2r2@yestoday.fr<\/a><\/p>\n<p>Lawyers floor : <a href=\"mailto:saul@yestoday.fr\">saul@yestoday.fr<\/a><\/p>\n<p>Fans and groupies office : <a href=\"mailto:fanclub@yestoday.fr\">fanclub@yestoday.fr<\/a><\/p>\n<p>Section de l&rsquo;amour : <a href=\"mailto:enjoy@yestoday.fr\">enjoy@yestoday.fr<\/a><\/p>\n<p>Complains office : <a href=\"mailto:brazil@yestoday.fr\">brazil@yestoday.fr<\/a><\/p>\n<p>Returns : <a href=\"mailto:backtothefuture@yestoday.fr\">backtothefuture@yestoday.fr<\/a><\/p>\n<p>&nbsp;<\/p>\n<p>&nbsp;<\/p>\n<p>&nbsp;<\/p>","protected":false},"excerpt":{"rendered":"<p>Pour tout ce qui concerne la page communaut\u00e9, vous pouvez nous envoyer vos posts \u00e0 community@yestoday.fr Toutes les propositions de contributions seront mod\u00e9r\u00e9es avant une \u00e9ventuelle publication. Mais \u00e9crivez-nous, l\u00e2chez-vous, on adore ! Et pour toutes les autres communications, vous pouvez nous contacter aux courriels suivants : Maitre de c\u00e9r\u00e9monie : mc@yestoday.fr Le Roi du [&hellip;]<\/p>\n","protected":false},"author":1,"featured_media":0,"parent":0,"menu_order":0,"comment_status":"closed","ping_status":"closed","template":"","meta":{"_uag_custom_page_level_css":"","footnotes":""},"class_list":["post-13","page","type-page","status-publish","hentry"],"uagb_featured_image_src":{"full":false,"thumbnail":false,"medium":false,"medium_large":false,"large":false,"1536x1536":false,"2048x2048":false,"trp-custom-language-flag":false,"woocommerce_thumbnail":false,"woocommerce_single":false,"woocommerce_gallery_thumbnail":false},"uagb_author_info":{"display_name":"Theo","author_link":"https:\/\/yestoday.fr\/en\/author\/theo\/"},"uagb_comment_info":0,"uagb_excerpt":"Pour tout ce qui concerne la page communaut\u00e9, vous pouvez nous envoyer vos posts \u00e0 community@yestoday.fr Toutes les propositions de contributions seront mod\u00e9r\u00e9es avant une \u00e9ventuelle publication. Mais \u00e9crivez-nous, l\u00e2chez-vous, on adore ! Et pour toutes les autres communications, vous pouvez nous contacter aux courriels suivants : Maitre de c\u00e9r\u00e9monie : mc@yestoday.fr Le Roi du&hellip;","_links":{"self":[{"href":"https:\/\/yestoday.fr\/en\/wp-json\/wp\/v2\/pages\/13","targetHints":{"allow":["GET"]}}],"collection":[{"href":"https:\/\/yestoday.fr\/en\/wp-json\/wp\/v2\/pages"}],"about":[{"href":"https:\/\/yestoday.fr\/en\/wp-json\/wp\/v2\/types\/page"}],"author":[{"embeddable":true,"href":"https:\/\/yestoday.fr\/en\/wp-json\/wp\/v2\/users\/1"}],"replies":[{"embeddable":true,"href":"https:\/\/yestoday.fr\/en\/wp-json\/wp\/v2\/comments?post=13"}],"version-history":[{"count":2,"href":"https:\/\/yestoday.fr\/en\/wp-json\/wp\/v2\/pages\/13\/revisions"}],"predecessor-version":[{"id":5936,"href":"https:\/\/yestoday.fr\/en\/wp-json\/wp\/v2\/pages\/13\/revisions\/5936"}],"wp:attachment":[{"href":"https:\/\/yestoday.fr\/en\/wp-json\/wp\/v2\/media?parent=13"}],"curies":[{"name":"wp","href":"https:\/\/api.w.org\/{rel}","templated":true}]}}