{"id":8,"date":"2019-03-12T18:41:11","date_gmt":"2019-03-12T17:41:11","guid":{"rendered":"https:\/\/www.yestoday.fr\/?page_id=8"},"modified":"2023-09-08T14:21:34","modified_gmt":"2023-09-08T12:21:34","slug":"a-propos","status":"publish","type":"page","link":"https:\/\/yestoday.fr\/en\/a-propos\/","title":{"rendered":"ABOUT"},"content":{"rendered":"<p><a name=\"haut\"><\/a><\/p>\n<h1 style=\"text-align: center;\"><img decoding=\"async\" class=\"alignnone wp-image-364 lazyload\" data-src=\"https:\/\/www.yestoday.fr\/wp-content\/uploads\/2019\/05\/Logo-pour-FB.png\" alt=\"\" width=\"543\" height=\"183\" src=\"data:image\/svg+xml;base64,PHN2ZyB3aWR0aD0iMSIgaGVpZ2h0PSIxIiB4bWxucz0iaHR0cDovL3d3dy53My5vcmcvMjAwMC9zdmciPjwvc3ZnPg==\" style=\"--smush-placeholder-width: 543px; --smush-placeholder-aspect-ratio: 543\/183;\" \/><\/h1>\n<h1 style=\"text-align: center;\"><strong>Yestoday<\/strong><\/h1>\n<h3 style=\"text-align: center;\">Be rare with Yestoday<\/h3>\n<p style=\"text-align: center;\">Rarity expresses the difficulty of finding a particular object, original and sought-after .<\/p>\n<p style=\"text-align: center;\">It manifests itself in an uncommon way.<\/p>\n<p style=\"text-align: center;\">It exists in small quantities, sometimes in the form of limited numbered copies.<\/p>\n<h2 style=\"text-align: center;\"><strong><img decoding=\"async\" class=\"alignnone size-medium wp-image-6114 lazyload\" data-src=\"https:\/\/yestoday.fr\/wp-content\/uploads\/2021\/10\/IMG_8227-238x300.jpg\" alt=\"\" width=\"238\" height=\"300\" data-srcset=\"https:\/\/yestoday.fr\/wp-content\/uploads\/2021\/10\/IMG_8227-238x300.jpg 238w, https:\/\/yestoday.fr\/wp-content\/uploads\/2021\/10\/IMG_8227-811x1024.jpg 811w, https:\/\/yestoday.fr\/wp-content\/uploads\/2021\/10\/IMG_8227-768x970.jpg 768w, https:\/\/yestoday.fr\/wp-content\/uploads\/2021\/10\/IMG_8227-1216x1536.jpg 1216w, https:\/\/yestoday.fr\/wp-content\/uploads\/2021\/10\/IMG_8227-1621x2048.jpg 1621w, https:\/\/yestoday.fr\/wp-content\/uploads\/2021\/10\/IMG_8227-10x12.jpg 10w, https:\/\/yestoday.fr\/wp-content\/uploads\/2021\/10\/IMG_8227-300x379.jpg 300w, https:\/\/yestoday.fr\/wp-content\/uploads\/2021\/10\/IMG_8227-600x758.jpg 600w, https:\/\/yestoday.fr\/wp-content\/uploads\/2021\/10\/IMG_8227-scaled.jpg 2027w\" data-sizes=\"(max-width: 238px) 100vw, 238px\" src=\"data:image\/svg+xml;base64,PHN2ZyB3aWR0aD0iMSIgaGVpZ2h0PSIxIiB4bWxucz0iaHR0cDovL3d3dy53My5vcmcvMjAwMC9zdmciPjwvc3ZnPg==\" style=\"--smush-placeholder-width: 238px; --smush-placeholder-aspect-ratio: 238\/300;\" \/><\/strong><\/h2>\n<p style=\"text-align: center;\">We create in our shop-atelier at 14 place de la R\u00e9publique in Montreuil (93100)<\/p>\n<p style=\"text-align: center;\">from everyday, universal clothing.<\/p>\n<p style=\"text-align: center;\">T-shirts, jackets, suits are parts of ourselves.<\/p>\n<p style=\"text-align: center;\">We express art, mood, emotion and commitment.<br \/>\nYou wear it on the street, at work, at sports, at home.<\/p>\n<p style=\"text-align: center;\">We sleep with it, and not so much so affinities.<\/p>\n<p style=\"text-align: center;\">Because of the difficulty of expressing things simply today, we decided to consider this garment as an analog medium, a nod to the digital age.<\/p>\n<p style=\"text-align: center;\">We screen print on the fibre, an original, singular and sincere universe.<\/p>\n<p style=\"text-align: center;\"><strong>Yestoday<\/strong> has a strong, personalized and constantly renewed editorial line.<\/p>\n<p><img decoding=\"async\" class=\"alignnone size-medium wp-image-6878 aligncenter lazyload\" data-src=\"https:\/\/yestoday.fr\/wp-content\/uploads\/2022\/10\/900_VesteGdG6_Kim_02-267x300.png\" alt=\"\" width=\"267\" height=\"300\" data-srcset=\"https:\/\/yestoday.fr\/wp-content\/uploads\/2022\/10\/900_VesteGdG6_Kim_02-267x300.png 267w, https:\/\/yestoday.fr\/wp-content\/uploads\/2022\/10\/900_VesteGdG6_Kim_02-768x864.png 768w, https:\/\/yestoday.fr\/wp-content\/uploads\/2022\/10\/900_VesteGdG6_Kim_02-11x12.png 11w, https:\/\/yestoday.fr\/wp-content\/uploads\/2022\/10\/900_VesteGdG6_Kim_02-300x338.png 300w, https:\/\/yestoday.fr\/wp-content\/uploads\/2022\/10\/900_VesteGdG6_Kim_02-600x675.png 600w, https:\/\/yestoday.fr\/wp-content\/uploads\/2022\/10\/900_VesteGdG6_Kim_02.png 800w\" data-sizes=\"(max-width: 267px) 100vw, 267px\" src=\"data:image\/svg+xml;base64,PHN2ZyB3aWR0aD0iMSIgaGVpZ2h0PSIxIiB4bWxucz0iaHR0cDovL3d3dy53My5vcmcvMjAwMC9zdmciPjwvc3ZnPg==\" style=\"--smush-placeholder-width: 267px; --smush-placeholder-aspect-ratio: 267\/300;\" \/><\/p>\n<p style=\"text-align: center;\">With our clothes, we spread love, human rights, fights, anger, joy, pop art, poetry and utopias.<\/p>\n<p style=\"text-align: center;\">We give back to individuals and to the street, the expressions of a visual art intended to challenge as much as to seduce.<\/p>\n<p style=\"text-align: center;\"><strong>Yestoday<\/strong> is engaged, raw, playful and sexy.<\/p>\n<h2 style=\"text-align: center;\"><strong> <img decoding=\"async\" class=\"wp-image-6947 aligncenter lazyload\" data-src=\"https:\/\/yestoday.fr\/wp-content\/uploads\/2022\/10\/BeautyShot_14-1-197x300.png\" alt=\"\" width=\"272\" height=\"414\" data-srcset=\"https:\/\/yestoday.fr\/wp-content\/uploads\/2022\/10\/BeautyShot_14-1-197x300.png 197w, https:\/\/yestoday.fr\/wp-content\/uploads\/2022\/10\/BeautyShot_14-1-672x1024.png 672w, https:\/\/yestoday.fr\/wp-content\/uploads\/2022\/10\/BeautyShot_14-1-768x1171.png 768w, https:\/\/yestoday.fr\/wp-content\/uploads\/2022\/10\/BeautyShot_14-1-8x12.png 8w, https:\/\/yestoday.fr\/wp-content\/uploads\/2022\/10\/BeautyShot_14-1-300x457.png 300w, https:\/\/yestoday.fr\/wp-content\/uploads\/2022\/10\/BeautyShot_14-1-600x915.png 600w, https:\/\/yestoday.fr\/wp-content\/uploads\/2022\/10\/BeautyShot_14-1.png 787w\" data-sizes=\"(max-width: 272px) 100vw, 272px\" src=\"data:image\/svg+xml;base64,PHN2ZyB3aWR0aD0iMSIgaGVpZ2h0PSIxIiB4bWxucz0iaHR0cDovL3d3dy53My5vcmcvMjAwMC9zdmciPjwvc3ZnPg==\" style=\"--smush-placeholder-width: 272px; --smush-placeholder-aspect-ratio: 272\/414;\" \/><br \/>\n<\/strong><\/h2>\n<h2 style=\"text-align: center;\"><strong>Legend<\/strong><\/h2>\n<p style=\"text-align: center;\">Yestoday is built around old boxes filled with yellowed papers saved from destruction and oblivion. They contain treasures, leaflets, flyers, posters, rare images from the sulphurous universe of the Underground.<\/p>\n<p style=\"text-align: center;\">These pieces of paper that did not end up as joints filters have been collected around the world for several decades.<\/p>\n<p style=\"text-align: center;\">The parallel world of the Underground, unknown to most people, has always been a hotbed of ideological and graphic explosions.<\/p>\n<p style=\"text-align: center;\">He has always been at the origin of innovative and subversive ideas in the fields of music, social revolutions, civil rights, ecology, drugs and sexual freedom.<\/p>\n<h2 style=\"text-align: center;\"><strong><img decoding=\"async\" class=\"alignnone wp-image-417 lazyload\" data-src=\"https:\/\/www.yestoday.fr\/wp-content\/uploads\/2019\/05\/1968-03-the-haight-ashbury-tribune-vol-2-N\u00b07-inside.png\" alt=\"\" width=\"392\" height=\"234\" src=\"data:image\/svg+xml;base64,PHN2ZyB3aWR0aD0iMSIgaGVpZ2h0PSIxIiB4bWxucz0iaHR0cDovL3d3dy53My5vcmcvMjAwMC9zdmciPjwvc3ZnPg==\" style=\"--smush-placeholder-width: 392px; --smush-placeholder-aspect-ratio: 392\/234;\" \/><\/strong><\/h2>\n<p style=\"text-align: center;\">Most of the struggles and utopias of yesterday are still relevant today.<\/p>\n<p style=\"text-align: center;\">From inspiration unearthed in our reserves, the graphic unit of <strong>Yestoday<\/strong> constantly imagines new creations and this often in resonance with the current events.<\/p>\n<p style=\"text-align: center;\">Inspired by this social, political and cultural treasure, <strong>Yestoday<\/strong> creates today.<\/p>\n<p style=\"text-align: center;\">We claim a pop art craft.<\/p>\n<h2 style=\"text-align: center;\">Rarity<\/h2>\n<p style=\"text-align: center;\">Yestoday, these are new clothes offered at regular intervals.<\/p>\n<p style=\"text-align: center;\">\u2022  in silkscreen printing, printed in our workshop in Montreuil.<\/p>\n<p style=\"text-align: center;\">\u2022 in a limited and numbered number.<\/p>\n<p style=\"text-align: center;\">The commercialization is done online and in boutiques that we like.<\/p>\n<p style=\"text-align: center;\">All T-shirts sold are numbered.<\/p>\n<h2 style=\"text-align: center;\"><strong>High-quality craftsmanship<\/strong><\/h2>\n<p style=\"text-align: center;\">Since we were teenagers, we have always built emotional relationships with our T-shirts and other clothing.<br \/>\nToday, we naturally design them to be soft to wear and ready to last.<\/p>\n<p><img decoding=\"async\" class=\"wp-image-410 aligncenter lazyload\" data-src=\"https:\/\/www.yestoday.fr\/wp-content\/uploads\/2019\/05\/DSC7650.png\" alt=\"\" width=\"393\" height=\"237\" src=\"data:image\/svg+xml;base64,PHN2ZyB3aWR0aD0iMSIgaGVpZ2h0PSIxIiB4bWxucz0iaHR0cDovL3d3dy53My5vcmcvMjAwMC9zdmciPjwvc3ZnPg==\" style=\"--smush-placeholder-width: 393px; --smush-placeholder-aspect-ratio: 393\/237;\" \/><\/p>\n<p style=\"text-align: center;\">All our T-shirts are made of 100% organic combed cotton, manufactured in accordance with Fair-Trade standards.<\/p>\n<p style=\"text-align: center;\">The silk-screen printing is done by hand in our workshop.<\/p>\n<p style=\"text-align: center;\">Each T-shirt model has a name.<br \/>\nIt always starts with My own private...<br \/>\nMy T-shirt is like no other.<br \/>\nIt&rsquo;s my own private Yestoday.<\/p>\n<p style=\"text-align: center;\">There may be unique copies.<\/p>\n<p style=\"text-align: center;\">From the moment we open the box (a 78t vinyl box or larger for larger garments) containing the product ordered, to the discovery of the silk-screened visual and the number manually inscribed on the collar, we take pleasure in sharing with our customers a privileged experience and a relationship with the underground, where it all begins.<\/p>\n<h2 style=\"text-align: center;\"><strong>Yestoday<\/strong> <strong>c&rsquo;est aussi<\/strong><\/h2>\n<p style=\"text-align: center;\">\u2022 A Preloved collection made from clothes, jackets, suits, even old T-shirts that already have a history. We re-appropriate forgotten stocks and bring our artistic and silk-screen printing know-how to it.<\/p>\n<p style=\"text-align: center;\">Thus, by offering itself to you, the garment starts a new adventure. Here again, we are in ultra-limited series.<\/p>\n<p style=\"text-align: center;\">\u2022 Collections of capsules that offer blank cards to artists, graphic designers, photographers, activists, poets.<\/p>\n<p style=\"text-align: center;\">\u2022 Special series for partners and prestigious events.<\/p>\n<p style=\"text-align: center;\">- Agreements with newspapers, photo agencies, museum collections and many other institutions around the world.<\/p>\n<p style=\"text-align: center;\">\u2022 Rare objects imagined or discovered.<\/p>\n<h1 style=\"text-align: center;\"><img decoding=\"async\" class=\"alignnone size-medium wp-image-6914 lazyload\" data-src=\"https:\/\/yestoday.fr\/wp-content\/uploads\/2022\/10\/BeautyShot_09-300x200.png\" alt=\"\" width=\"300\" height=\"200\" data-srcset=\"https:\/\/yestoday.fr\/wp-content\/uploads\/2022\/10\/BeautyShot_09-300x200.png 300w, https:\/\/yestoday.fr\/wp-content\/uploads\/2022\/10\/BeautyShot_09-1024x683.png 1024w, https:\/\/yestoday.fr\/wp-content\/uploads\/2022\/10\/BeautyShot_09-768x512.png 768w, https:\/\/yestoday.fr\/wp-content\/uploads\/2022\/10\/BeautyShot_09-18x12.png 18w, https:\/\/yestoday.fr\/wp-content\/uploads\/2022\/10\/BeautyShot_09-600x400.png 600w, https:\/\/yestoday.fr\/wp-content\/uploads\/2022\/10\/BeautyShot_09.png 1200w\" data-sizes=\"(max-width: 300px) 100vw, 300px\" src=\"data:image\/svg+xml;base64,PHN2ZyB3aWR0aD0iMSIgaGVpZ2h0PSIxIiB4bWxucz0iaHR0cDovL3d3dy53My5vcmcvMjAwMC9zdmciPjwvc3ZnPg==\" style=\"--smush-placeholder-width: 300px; --smush-placeholder-aspect-ratio: 300\/200;\" \/><\/h1>\n<h2 style=\"text-align: center;\"><strong>Digital<\/strong><\/h2>\n<p><span style=\"font-family: Arial, sans-serif;\">\u00a0<\/span><\/p>\n<p style=\"text-align: center;\"><span style=\"font-family: Arial, sans-serif;\">The commercialization of our products is done since January 2021 in our shop-workshop of Montreuil and of course via our commercial site. <\/span><\/p>\n<p style=\"text-align: center;\"><span style=\"color: #000080;\"><span lang=\"zxx\"><u><a class=\"western\" href=\"https:\/\/yestoday.fr\/en\/\"><span style=\"font-family: Arial, sans-serif;\">https:\/\/yestoday.fr<\/span><\/a><\/u><\/span><\/span><\/p>\n<p style=\"text-align: center;\"><span style=\"font-family: Arial, sans-serif;\">The commercialization of our products is done since January 2021 in our shop-workshop of Montreuil and of course via our commercial website.<\/span><\/p>\n<p style=\"text-align: center;\"><span style=\"font-family: Arial, sans-serif;\">But above all <\/span><span style=\"font-family: Arial, sans-serif;\">Yestoday is in life, on the street, with you.<\/span><\/p>\n<h6 style=\"text-align: center;\"><a href=\"#haut\">Back to top<\/a><\/h6>","protected":false},"excerpt":{"rendered":"<p>Yestoday Be rare with Yestoday La raret\u00e9 exprime la difficult\u00e9 de trouver un objet particulier, original, recherch\u00e9. Elle se manifeste d&rsquo;une mani\u00e8re peu fr\u00e9quente. Elle existe en faibles quantit\u00e9s parfois sous forme d&rsquo;exemplaires en nombre limit\u00e9, num\u00e9rot\u00e9s. Nous cr\u00e9ons dans notre magasin-atelier du 14 place de la R\u00e9publique \u00e0 Montreuil (93100) \u00e0 partir de v\u00eatements [&hellip;]<\/p>\n","protected":false},"author":1,"featured_media":0,"parent":0,"menu_order":0,"comment_status":"closed","ping_status":"closed","template":"","meta":{"_uag_custom_page_level_css":"","footnotes":""},"class_list":["post-8","page","type-page","status-publish","hentry"],"uagb_featured_image_src":{"full":false,"thumbnail":false,"medium":false,"medium_large":false,"large":false,"1536x1536":false,"2048x2048":false,"trp-custom-language-flag":false,"woocommerce_thumbnail":false,"woocommerce_single":false,"woocommerce_gallery_thumbnail":false},"uagb_author_info":{"display_name":"Theo","author_link":"https:\/\/yestoday.fr\/en\/author\/theo\/"},"uagb_comment_info":0,"uagb_excerpt":"Yestoday Be rare with Yestoday La raret\u00e9 exprime la difficult\u00e9 de trouver un objet particulier, original, recherch\u00e9. Elle se manifeste d&rsquo;une mani\u00e8re peu fr\u00e9quente. Elle existe en faibles quantit\u00e9s parfois sous forme d&rsquo;exemplaires en nombre limit\u00e9, num\u00e9rot\u00e9s. Nous cr\u00e9ons dans notre magasin-atelier du 14 place de la R\u00e9publique \u00e0 Montreuil (93100) \u00e0 partir de v\u00eatements&hellip;","_links":{"self":[{"href":"https:\/\/yestoday.fr\/en\/wp-json\/wp\/v2\/pages\/8","targetHints":{"allow":["GET"]}}],"collection":[{"href":"https:\/\/yestoday.fr\/en\/wp-json\/wp\/v2\/pages"}],"about":[{"href":"https:\/\/yestoday.fr\/en\/wp-json\/wp\/v2\/types\/page"}],"author":[{"embeddable":true,"href":"https:\/\/yestoday.fr\/en\/wp-json\/wp\/v2\/users\/1"}],"replies":[{"embeddable":true,"href":"https:\/\/yestoday.fr\/en\/wp-json\/wp\/v2\/comments?post=8"}],"version-history":[{"count":25,"href":"https:\/\/yestoday.fr\/en\/wp-json\/wp\/v2\/pages\/8\/revisions"}],"predecessor-version":[{"id":7532,"href":"https:\/\/yestoday.fr\/en\/wp-json\/wp\/v2\/pages\/8\/revisions\/7532"}],"wp:attachment":[{"href":"https:\/\/yestoday.fr\/en\/wp-json\/wp\/v2\/media?parent=8"}],"curies":[{"name":"wp","href":"https:\/\/api.w.org\/{rel}","templated":true}]}}