{"id":5439,"date":"2020-11-24T13:07:55","date_gmt":"2020-11-24T12:07:55","guid":{"rendered":"https:\/\/yestoday.fr\/?post_type=product&#038;p=5439"},"modified":"2023-10-09T18:49:31","modified_gmt":"2023-10-09T16:49:31","slug":"bleu-velvet-draft","status":"publish","type":"product","link":"https:\/\/yestoday.fr\/en\/product\/bleu-velvet-draft\/","title":{"rendered":"Blue Velvet"},"content":{"rendered":"<p>Work jacket, industrial blue color, in deliciously vintage condition, from old forgotten stocks.<\/p>\n<p>The cotton is thick and very soft.<\/p>\n<p>Three sizes available: 40, 52 and 54. The 40 is a medium that can suit all. The size 52 is a frank L of the collar, for a human of 1m80 and 80 kgs. The 54 is a perfect XL for you the strongest.<\/p>\n<p>10 exemplaires seulement.<\/p>\n<p>The buttons are invisible after closing.<\/p>\n<p>2 bottom pockets, one chest pocket and one inside pocket. Top!<\/p>\n<p>Il peut y avoir de petites variantes d&rsquo;un mod\u00e8le \u00e0 l&rsquo;autre.<\/p>\n<p>L&rsquo;esprit de cette veste 100 % coton, un tribute rare au Velvet Underground.<\/p>\n<p>The silkscreens have, <em>as usual<\/em>All our products are handmade in our workshop in Montreuil.<\/p>\n<p>Factory spirit on the back with young and handsome Lou, sixties spirit New-York City Lower East side, in light gradation of color.<\/p>\n<p>Un rappel \u00e0 cette collection exceptionnelle Run, Run , Run\u00a0 sur une poche avant, une sp\u00e9ciale d\u00e9dicace au concert d&rsquo;Emily Loizeau au titre eponyme.<\/p>\n<p>On retrouve nos c\u00e9l\u00e8bres \u00e9tiquettes sur la manche et \u00e0 l&rsquo;int\u00e9rieur du col.<\/p>\n<p>Run, run, run, c&rsquo;est une pi\u00e8ce rare.<\/p>","protected":false},"excerpt":{"rendered":"<p>Veste bleue de travail, sp\u00e9cialement relook\u00e9e par YESTODAY pour les concerts Tribute to Lou Reed d&rsquo;Emily Loizeau\u00a0 qui se sont tenus les 10 et 11 septembre dernier au 104-Paris.<\/p>","protected":false},"featured_media":5482,"template":"","meta":{"_uag_custom_page_level_css":""},"product_brand":[],"product_cat":[248,334,335],"product_tag":[346,374,176,349,350,367,388,337,368,102,389,338,369,103,339,370,147,341,371,161,342,372,165,345,373,167],"class_list":{"0":"post-5439","1":"product","2":"type-product","3":"status-publish","4":"has-post-thumbnail","6":"product_cat-upcycling","7":"product_cat-jackets","8":"product_cat-workwear","9":"product_tag-chore-jacket","10":"product_tag-lespaul","11":"product_tag-velvet-underground","12":"product_tag-vert-industriel","13":"product_tag-ampeg","14":"product_tag-dream","15":"product_tag-run","16":"product_tag-jacket","17":"product_tag-dreamers","18":"product_tag-andy-warhol","19":"product_tag-run-run-run","20":"product_tag-veste","21":"product_tag-musicmaker","22":"product_tag-bass","23":"product_tag-veste-de-travail","24":"product_tag-workers","25":"product_tag-lou-reed","26":"product_tag-sounds","27":"product_tag-musicians","28":"product_tag-presse-underground","29":"product_tag-preloved","30":"product_tag-gibbson","31":"product_tag-serigraphie","32":"product_tag-bleu-de-travail","33":"product_tag-fender","34":"product_tag-silkscreen","36":"first","37":"instock","38":"taxable","39":"shipping-taxable","40":"purchasable","41":"product-type-variable"},"uagb_featured_image_src":{"full":["https:\/\/yestoday.fr\/wp-content\/uploads\/2020\/09\/800_MENUS_A_LA_UNE_Runrunrun.png",800,900,false],"thumbnail":["https:\/\/yestoday.fr\/wp-content\/uploads\/2020\/09\/800_MENUS_A_LA_UNE_Runrunrun.png",133,150,false],"medium":["https:\/\/yestoday.fr\/wp-content\/uploads\/2020\/09\/800_MENUS_A_LA_UNE_Runrunrun.png",267,300,false],"medium_large":["https:\/\/yestoday.fr\/wp-content\/uploads\/2020\/09\/800_MENUS_A_LA_UNE_Runrunrun.png",640,720,false],"large":["https:\/\/yestoday.fr\/wp-content\/uploads\/2020\/09\/800_MENUS_A_LA_UNE_Runrunrun.png",640,720,false],"1536x1536":["https:\/\/yestoday.fr\/wp-content\/uploads\/2020\/09\/800_MENUS_A_LA_UNE_Runrunrun.png",800,900,false],"2048x2048":["https:\/\/yestoday.fr\/wp-content\/uploads\/2020\/09\/800_MENUS_A_LA_UNE_Runrunrun.png",800,900,false],"trp-custom-language-flag":["https:\/\/yestoday.fr\/wp-content\/uploads\/2020\/09\/800_MENUS_A_LA_UNE_Runrunrun.png",11,12,false],"woocommerce_thumbnail":["https:\/\/yestoday.fr\/wp-content\/uploads\/2020\/09\/800_MENUS_A_LA_UNE_Runrunrun.png",300,338,false],"woocommerce_single":["https:\/\/yestoday.fr\/wp-content\/uploads\/2020\/09\/800_MENUS_A_LA_UNE_Runrunrun.png",600,675,false],"woocommerce_gallery_thumbnail":["https:\/\/yestoday.fr\/wp-content\/uploads\/2020\/09\/800_MENUS_A_LA_UNE_Runrunrun-100x100.png",100,100,true]},"uagb_author_info":{"display_name":"Mcmontreuil","author_link":"https:\/\/yestoday.fr\/en\/author\/"},"uagb_comment_info":0,"uagb_excerpt":"Veste bleue de travail, sp\u00e9cialement relook\u00e9e par YESTODAY pour les concerts Tribute to Lou Reed d'Emily Loizeau\u00a0 qui se sont tenus les 10 et 11 septembre dernier au 104-Paris.","_links":{"self":[{"href":"https:\/\/yestoday.fr\/en\/wp-json\/wp\/v2\/product\/5439","targetHints":{"allow":["GET"]}}],"collection":[{"href":"https:\/\/yestoday.fr\/en\/wp-json\/wp\/v2\/product"}],"about":[{"href":"https:\/\/yestoday.fr\/en\/wp-json\/wp\/v2\/types\/product"}],"wp:featuredmedia":[{"embeddable":true,"href":"https:\/\/yestoday.fr\/en\/wp-json\/wp\/v2\/media\/5482"}],"wp:attachment":[{"href":"https:\/\/yestoday.fr\/en\/wp-json\/wp\/v2\/media?parent=5439"}],"wp:term":[{"taxonomy":"product_brand","embeddable":true,"href":"https:\/\/yestoday.fr\/en\/wp-json\/wp\/v2\/product_brand?post=5439"},{"taxonomy":"product_cat","embeddable":true,"href":"https:\/\/yestoday.fr\/en\/wp-json\/wp\/v2\/product_cat?post=5439"},{"taxonomy":"product_tag","embeddable":true,"href":"https:\/\/yestoday.fr\/en\/wp-json\/wp\/v2\/product_tag?post=5439"}],"curies":[{"name":"wp","href":"https:\/\/api.w.org\/{rel}","templated":true}]}}