{"id":7265,"date":"2023-11-25T12:03:49","date_gmt":"2023-11-25T11:03:49","guid":{"rendered":"https:\/\/yestoday.fr\/?post_type=product&#038;p=7265"},"modified":"2026-04-10T15:08:25","modified_gmt":"2026-04-10T13:08:25","slug":"feministe-tee","status":"publish","type":"product","link":"https:\/\/yestoday.fr\/en\/product\/feministe-tee\/","title":{"rendered":"Feministe Tee Green"},"content":{"rendered":"<p><a name=\"haut\"><\/a><\/p>\n<p>Hand-printed in the legendary Montreuillois craft tradition.<br \/>\n<br style=\"clear: both;\" \/>Ce slogan, un brin provocateur, nous l&rsquo;avons trouv\u00e9 dans la presse f\u00e9ministe des ann\u00e9es 1970. Ce sont elles qui ont engag\u00e9 le combat pour la fin du patriarcat.<br \/>\n<br style=\"clear: both;\" \/>Nous avons imm\u00e9diatement voulu le proposer \u00e0 toutes celles qui ne l\u00e2chent rien pour qu&rsquo;enfin l&rsquo;\u00e9galit\u00e9 r\u00e8gne entre les sexes, tous les sexes. La lutte est encore et toujours n\u00e9cessaire.<\/p>\n<p>Suivez-notre instagram @yestoday_spirit pour en savoir plus sur cette page d&rsquo;histoire.<\/p>\n<p>Each T-shirt is numbered by hand on the inside collar label.<\/p>\n<p>100% organic combed cotton 190g<br \/>\n<br style=\"clear: both;\" \/>Our T-shirts strictly comply with the standards of the Fair Wear Foundation.<br \/>\n<br style=\"clear: both;\" \/>You will receive your purchase in a cardboard box originally designed for 78 rpm vinyl records, recyclable.<br \/>\n<br style=\"clear: both;\" \/><\/p>\n<p><img decoding=\"async\" class=\"alignnone size-full wp-image-1904 aligncenter lazyload\" data-src=\"https:\/\/www.yestoday.fr\/wp-content\/uploads\/2019\/10\/Packaging_01_Large.png\" alt=\"\" width=\"453\" height=\"590\" src=\"data:image\/svg+xml;base64,PHN2ZyB3aWR0aD0iMSIgaGVpZ2h0PSIxIiB4bWxucz0iaHR0cDovL3d3dy53My5vcmcvMjAwMC9zdmciPjwvc3ZnPg==\" style=\"--smush-placeholder-width: 453px; --smush-placeholder-aspect-ratio: 453\/590;\" \/><\/p>\n<p>&nbsp;<\/p>\n<p>\u00c0 l&rsquo;int\u00e9rieur, vous trouverez votre T-shirt prot\u00e9g\u00e9 par un papier de soie et un autocollant de la marque.<br \/>\n<br style=\"clear: both;\" \/><\/p>\n<p><a href=\"#Size-guide\"><span style=\"color: #000000;\"><span style=\"color: #ff0000;\">\u2022 Size guide<\/span><\/span><\/a><\/p>\n<p><a href=\"#Certification\"><span style=\"color: #000000;\"><span style=\"color: #ff0000;\">\u2022 Certification<\/span><\/span><\/a><\/p>\n<p><a href=\"#Frais de port\"><span style=\"color: #000000;\"><span style=\"color: #ff0000;\">\u2022 Shipping<\/span><\/span><\/a><\/p>\n<p><br style=\"clear: both;\" \/><a name=\"Size-guide\"><\/a><span style=\"color: #ff0000;\"><strong>Size guide<\/strong><\/span><br \/>\n<br style=\"clear: both;\" \/>Finding the right T-shirt size for you is simple. Take one of your T-shirts that fits you well and measure the width and height as shown in the picture below.<br \/>\n<br style=\"clear: both;\" \/>Find the match on the board and you will have the perfect size.<br \/>\n<br style=\"clear: both;\" \/><img decoding=\"async\" class=\"aligncenter lazyload\" data-src=\"https:\/\/yestoday.fr\/wp-content\/uploads\/2021\/10\/N43.jpg\" alt=\"\" src=\"data:image\/svg+xml;base64,PHN2ZyB3aWR0aD0iMSIgaGVpZ2h0PSIxIiB4bWxucz0iaHR0cDovL3d3dy53My5vcmcvMjAwMC9zdmciPjwvc3ZnPg==\" style=\"--smush-placeholder-width: 508px; --smush-placeholder-aspect-ratio: 508\/633;\" \/><br \/>\n<br style=\"clear: both;\" \/>It's simple.<br \/>\n<br style=\"clear: both;\" \/><br style=\"clear: both;\" \/><\/p>\n<p><a name=\"Certification\"><\/a><span style=\"color: #ff0000;\"><strong>Certification<\/strong><\/span><\/p>\n<p>&nbsp;<\/p>\n<p>We strive to improve our environmental practices.<br \/>\n<br style=\"clear: both;\" \/>Our T-shirt design was chosen for its low carbon impact, achieved through a combination of low-impact organic farming, efficiency in manufacturing and transportation, and the use of renewable energy instead of fossil fuel-based grid electricity.<\/p>\n<p>&nbsp;<\/p>\n<p>The carbon footprint was calculated according to the BSI PAS2050 methodology and certified by Carbon Trust Certifications.<br \/>\n<br style=\"clear: both;\" \/><\/p>\n<p><a href=\"https:\/\/www.fairwear.org\/about\/\"><img decoding=\"async\" class=\"alignleft wp-image-881 lazyload\" data-src=\"https:\/\/www.yestoday.fr\/wp-content\/uploads\/2019\/09\/fair_wear.png\" alt=\"\" width=\"50\" height=\"72\" src=\"data:image\/svg+xml;base64,PHN2ZyB3aWR0aD0iMSIgaGVpZ2h0PSIxIiB4bWxucz0iaHR0cDovL3d3dy53My5vcmcvMjAwMC9zdmciPjwvc3ZnPg==\" style=\"--smush-placeholder-width: 50px; --smush-placeholder-aspect-ratio: 50\/72;\" \/><\/a> <a href=\"https:\/\/www.global-standard.org\/\"><img decoding=\"async\" class=\"alignnone wp-image-879 lazyload\" data-src=\"https:\/\/www.yestoday.fr\/wp-content\/uploads\/2019\/09\/organic_textiles.png\" alt=\"\" width=\"78\" height=\"78\" src=\"data:image\/svg+xml;base64,PHN2ZyB3aWR0aD0iMSIgaGVpZ2h0PSIxIiB4bWxucz0iaHR0cDovL3d3dy53My5vcmcvMjAwMC9zdmciPjwvc3ZnPg==\" style=\"--smush-placeholder-width: 78px; --smush-placeholder-aspect-ratio: 78\/78;\" \/><\/a><br \/>\n<br style=\"clear: both;\" \/><br style=\"clear: both;\" \/><a name=\"Frais de port\"><\/a><span style=\"color: #ff0000;\"><strong>Shipping<\/strong><\/span><br \/>\n<br style=\"clear: both;\" \/><br style=\"clear: both;\" \/>The package weighs less than 500g.<br style=\"clear: both;\" \/>It is 29cm in width, 29cm in length, and 3 cm high.<br \/>\n<br style=\"clear: both;\" \/><br style=\"clear: both;\" \/>Shipping costs are automatically calculated in the shopping cart when you specify the desired delivery address.<br \/>\n<br style=\"clear: both;\" \/><br style=\"clear: both;\" \/><br style=\"clear: both;\" \/><br style=\"clear: both;\" \/><strong>METROPOLITAN FRANCE: \u20ac6.80<\/strong><br \/>\n<br style=\"clear: both;\" \/>(followed letter)<br \/>\n<br style=\"clear: both;\" \/><br style=\"clear: both;\" \/><strong>ZONE FRANCE OVERSEAS 1 : 11 \u20ac<\/strong><br \/>\n<br style=\"clear: both;\" \/>(home delivered colissimo)<br style=\"clear: both;\" \/>Guadeloupe (including Saint Barth\u00e9lemy and Saint Martin), Martinique, Reunion Island, Guyana, Mayotte and Saint Pierre and Miquelon.<br \/>\n<br style=\"clear: both;\" \/><br style=\"clear: both;\" \/><strong>ZONE FRANCE OVERSEAS 2 : 13,20 \u20ac<\/strong><br \/>\n<br style=\"clear: both;\" \/>(home delivered colissimo)<br style=\"clear: both;\" \/>New Caledonia and its dependencies, French Polynesia, Wallis and Futuna Islands, French Southern and Antarctic Territories.<br \/>\n<br style=\"clear: both;\" \/><br style=\"clear: both;\" \/><\/p>\n<h3>EUROPE AND THE REST OF THE WORLD<\/h3>\n<p><br style=\"clear: both;\" \/><strong>ZONE 1 : 10,80 \u20ac<\/strong><br \/>\n<br style=\"clear: both;\" \/>(home delivered Colissimo against signature)<br \/>\n<br style=\"clear: both;\" \/>Germany, Belgium, Luxembourg, Netherlands<br \/>\n<br style=\"clear: both;\" \/><br style=\"clear: both;\" \/><strong>ZONE 2 : 11,40 \u20ac<\/strong><br \/>\n<br style=\"clear: both;\" \/>(home delivered Colissimo against signature)<br \/>\n<br style=\"clear: both;\" \/>Austria, Spain, Ireland, Italy, Portugal, United Kingdom (UK)<br \/>\n<br style=\"clear: both;\" \/><br style=\"clear: both;\" \/><strong>ZONE 3 : 12,60 \u20ac<\/strong><br \/>\n<br style=\"clear: both;\" \/>(home delivered Colissimo against signature)<br \/>\n<br style=\"clear: both;\" \/>Denmark, Czech Republic, Estonia, Hungary, Latvia, Lithuania, Poland, Slovenia, Slovakia, Sweden, Switzerland<br \/>\n<br style=\"clear: both;\" \/><br style=\"clear: both;\" \/><strong>ZONE 4 : 14,60 \u20ac<\/strong><br \/>\n<br style=\"clear: both;\" \/>(home delivered Colissimo against signature)<br \/>\n<br style=\"clear: both;\" \/>Algeria, Morocco, Tunisia, Cyprus, Bulgaria, Croatia, Cyprus, Finland, Greece, Iceland, Balearics (Spain), Ceuta (Spain), Las Palmas (Spain), Melilla (Spain)<br \/>\n<br style=\"clear: both;\" \/><br style=\"clear: both;\" \/><strong>ZONE 5 : 26 \u20ac<\/strong><br \/>\n<br style=\"clear: both;\" \/>(colissimo expert with signature)<br \/>\n<br style=\"clear: both;\" \/>China, South Korea, Hong Kong, India, Israel, Japan, Singapore, Taiwan, Thailand, Vietnam, United States (USA), Australia<br \/>\n<br style=\"clear: both;\" \/><br style=\"clear: both;\" \/><strong>ZONE 6 : 30 \u20ac<\/strong><br \/>\n<br style=\"clear: both;\" \/>(colissimo expert with signature)<br \/>\n<br style=\"clear: both;\" \/>Africa (excluding the Maghreb), the Americas (excluding the United States and Canada), the Middle East, other Asian countries, Oceania (excluding Australia)<br \/>\n<br style=\"clear: both;\" \/><\/p>\n<p>&nbsp;<\/p>\n<h5 style=\"text-align: center;\"><a href=\"#haut\">Back to top<\/a><\/h5>\n<p><br style=\"clear: both;\" \/><br style=\"clear: both;\" \/><\/p>","protected":false},"excerpt":{"rendered":"<p>L&rsquo;\u00e9galit\u00e9 pour toutes, tout de suite.<br \/>\nVery soft green bamboo T-shirt, with an orange silkscreen print for a very flashy, festive outfit, for all of you.<\/p>\n<p><a href=\"https:\/\/yestoday.fr\/en\/product\/feministe-tee-blue\/ \u200e\/\">ce T-shirt existe \u00e9galement en bleu sur\u00a0 notre site.<\/a><\/p>\n<p>Les tailles vont du S au XL<\/p>","protected":false},"featured_media":7636,"template":"","meta":{"_uag_custom_page_level_css":""},"product_brand":[],"product_cat":[454,308],"product_tag":[295,296,165,167,212,269,270,276,130,278,291],"class_list":{"0":"post-7265","1":"product","2":"type-product","3":"status-publish","4":"has-post-thumbnail","6":"product_cat-le-tee-de-la-semaine","7":"product_cat-t-shirts","8":"product_tag-equality","9":"product_tag-transgenre","10":"product_tag-serigraphie","11":"product_tag-silkscreen","12":"product_tag-lgbt","13":"product_tag-transart","14":"product_tag-psychedelic","15":"product_tag-pussy-power","16":"product_tag-feminisme","17":"product_tag-egalite","18":"product_tag-androgyne","20":"first","21":"instock","22":"taxable","23":"shipping-taxable","24":"purchasable","25":"product-type-variable"},"uagb_featured_image_src":{"full":["https:\/\/yestoday.fr\/wp-content\/uploads\/2023\/11\/pussy_3_malika_elise.png",2275,2560,false],"thumbnail":["https:\/\/yestoday.fr\/wp-content\/uploads\/2023\/11\/pussy_3_malika_elise-150x150.png",150,150,true],"medium":["https:\/\/yestoday.fr\/wp-content\/uploads\/2023\/11\/pussy_3_malika_elise-267x300.png",267,300,true],"medium_large":["https:\/\/yestoday.fr\/wp-content\/uploads\/2023\/11\/pussy_3_malika_elise-768x864.png",640,720,true],"large":["https:\/\/yestoday.fr\/wp-content\/uploads\/2023\/11\/pussy_3_malika_elise-910x1024.png",640,720,true],"1536x1536":["https:\/\/yestoday.fr\/wp-content\/uploads\/2023\/11\/pussy_3_malika_elise-1365x1536.png",1365,1536,true],"2048x2048":["https:\/\/yestoday.fr\/wp-content\/uploads\/2023\/11\/pussy_3_malika_elise-1820x2048.png",1820,2048,true],"trp-custom-language-flag":["https:\/\/yestoday.fr\/wp-content\/uploads\/2023\/11\/pussy_3_malika_elise-11x12.png",11,12,true],"woocommerce_thumbnail":["https:\/\/yestoday.fr\/wp-content\/uploads\/2023\/11\/pussy_3_malika_elise-300x338.png",300,338,true],"woocommerce_single":["https:\/\/yestoday.fr\/wp-content\/uploads\/2023\/11\/pussy_3_malika_elise-600x675.png",600,675,true],"woocommerce_gallery_thumbnail":["https:\/\/yestoday.fr\/wp-content\/uploads\/2023\/11\/pussy_3_malika_elise-100x100.png",100,100,true]},"uagb_author_info":{"display_name":"Mcmontreuil","author_link":"https:\/\/yestoday.fr\/en\/author\/"},"uagb_comment_info":0,"uagb_excerpt":"L'\u00e9galit\u00e9 pour toutes, tout de suite. T-shirt vert en bambou, tr\u00e8s doux, avec une s\u00e9rigraphie orange pour un ensemble tr\u00e8s flashy, festif, pour vous toutes. ce T-shirt existe \u00e9galement en bleu sur\u00a0 notre site. Les tailles vont du S au XL","_links":{"self":[{"href":"https:\/\/yestoday.fr\/en\/wp-json\/wp\/v2\/product\/7265","targetHints":{"allow":["GET"]}}],"collection":[{"href":"https:\/\/yestoday.fr\/en\/wp-json\/wp\/v2\/product"}],"about":[{"href":"https:\/\/yestoday.fr\/en\/wp-json\/wp\/v2\/types\/product"}],"wp:featuredmedia":[{"embeddable":true,"href":"https:\/\/yestoday.fr\/en\/wp-json\/wp\/v2\/media\/7636"}],"wp:attachment":[{"href":"https:\/\/yestoday.fr\/en\/wp-json\/wp\/v2\/media?parent=7265"}],"wp:term":[{"taxonomy":"product_brand","embeddable":true,"href":"https:\/\/yestoday.fr\/en\/wp-json\/wp\/v2\/product_brand?post=7265"},{"taxonomy":"product_cat","embeddable":true,"href":"https:\/\/yestoday.fr\/en\/wp-json\/wp\/v2\/product_cat?post=7265"},{"taxonomy":"product_tag","embeddable":true,"href":"https:\/\/yestoday.fr\/en\/wp-json\/wp\/v2\/product_tag?post=7265"}],"curies":[{"name":"wp","href":"https:\/\/api.w.org\/{rel}","templated":true}]}}