{"id":7729,"date":"2024-04-04T18:20:32","date_gmt":"2024-04-04T16:20:32","guid":{"rendered":"https:\/\/yestoday.fr\/?post_type=product&#038;p=7729"},"modified":"2024-07-19T12:03:00","modified_gmt":"2024-07-19T10:03:00","slug":"kurt-cobain-oversized-stone-washed-denim-tee","status":"publish","type":"product","link":"https:\/\/yestoday.fr\/en\/product\/kurt-cobain-oversized-stone-washed-denim-tee\/","title":{"rendered":"Kurt Cobain oversized stone-washed denim tee"},"content":{"rendered":"<p>Ce T-shirt est pour les fans de Kurt Cobain le leader du groupe grunge du d\u00e9but des 90s, Nirvana.<\/p>\n<p>C&rsquo;est le 30 \u00e8me anniversaire de sa triste fin. Mais il a laiss\u00e9 de magnifiques morceaux cultes.\u00ab\u00a0<\/p>\n<p>Le visuel s\u00e9rigraphi\u00e9 est un hommage \u00e0 la grandiose interpr\u00e9tation par Kurt de la chanson de David Bowie, The man who sold the world, lors du concert unplugged organis\u00e9 en 1993 \u00e0 New-York par la chaine MTV.<\/p>\n<p>Avec ce visuel original entrez de plein pied dans l&rsquo;histoire du rock.<\/p>\n<p>La s\u00e9rigraphie est blanche.<\/p>\n<p>Voil\u00e0 un T-shirt col rond denim oversized et stone-washed. Ce mod\u00e8le est r\u00e9ellement unisexe, saveur vintage.<\/p>\n<p>Devenez rare.<\/p>\n<p>Chaque T-shirt est num\u00e9rot\u00e9 \u00e0 la main sur l\u2019\u00e9tiquette s\u00e9rigraphi\u00e9e \u00e0 l\u2019arri\u00e8re du v\u00eatement.<\/p>\n<p>100% organic combed cotton 190g<\/p>\n<p>Our T-shirts strictly comply with the standards of the Fair Wear Foundation.<\/p>\n<p>Vous recevrez votre achat dans en emballage en carton con\u00e7u \u00e0 l&rsquo;origine pour des vinyles 78 tours.<\/p>\n<p><img decoding=\"async\" class=\"alignnone size-full wp-image-1904 aligncenter lazyload\" data-src=\"https:\/\/www.yestoday.fr\/wp-content\/uploads\/2019\/10\/Packaging_01_Large.png\" alt=\"\" width=\"453\" height=\"590\" src=\"data:image\/svg+xml;base64,PHN2ZyB3aWR0aD0iMSIgaGVpZ2h0PSIxIiB4bWxucz0iaHR0cDovL3d3dy53My5vcmcvMjAwMC9zdmciPjwvc3ZnPg==\" style=\"--smush-placeholder-width: 453px; --smush-placeholder-aspect-ratio: 453\/590;\" \/><\/p>\n<p>\u00c0 l&rsquo;int\u00e9rieur, vous trouverez votre T-shirt prot\u00e9g\u00e9 par un papier de soie et un autocollant de la marque.<\/p>\n<p>&nbsp;<\/p>\n<p><span style=\"color: #ff0000;\"><a style=\"color: #ff0000;\" href=\"#Size-guide\">\u2022 Size guide<\/a><\/span><\/p>\n<p><span style=\"color: #ff0000;\"><a style=\"color: #ff0000;\" href=\"#Certification\">\u2022 Certification<\/a><\/span><\/p>\n<p><span style=\"color: #ff0000;\"><a style=\"color: #ff0000;\" href=\"#Frais de port\">\u2022 Shipping<\/a><\/span><\/p>\n<p>&nbsp;<\/p>\n<p><a name=\"Size-guide\"><\/a><span style=\"color: #ff0000;\"><strong>Size guide<\/strong><\/span><br \/>\n<br style=\"clear: both;\" \/><br style=\"clear: both;\" \/>Finding the right T-shirt size for you is simple. Take one of your T-shirts that fits you well and measure the width and height as shown in the picture below.<br \/>\n<br style=\"clear: both;\" \/>Find the match on the board and you will have the perfect size.<\/p>\n<p><img decoding=\"async\" class=\"alignnone  wp-image-7735 lazyload\" data-src=\"https:\/\/yestoday.fr\/wp-content\/uploads\/2024\/04\/EP19-size-guide-300x281.jpg\" alt=\"\" width=\"473\" height=\"432\" src=\"data:image\/svg+xml;base64,PHN2ZyB3aWR0aD0iMSIgaGVpZ2h0PSIxIiB4bWxucz0iaHR0cDovL3d3dy53My5vcmcvMjAwMC9zdmciPjwvc3ZnPg==\" style=\"--smush-placeholder-width: 473px; --smush-placeholder-aspect-ratio: 473\/432;\" \/><\/p>\n<p><br style=\"clear: both;\" \/>It's simple.<br \/>\n<br style=\"clear: both;\" \/><br style=\"clear: both;\" \/><\/p>\n<p><a name=\"Certification\"><\/a><span style=\"color: #ff0000;\"><strong>Certification<\/strong><\/span><\/p>\n<p>&nbsp;<\/p>\n<p>We strive to improve our environmental practices.<br \/>\n<br style=\"clear: both;\" \/><br style=\"clear: both;\" \/>Our T-shirt design was chosen for its low carbon impact, achieved through a combination of low-impact organic farming, efficiency in manufacturing and transportation, and the use of renewable energy instead of fossil fuel-based grid electricity.<\/p>\n<p><br style=\"clear: both;\" \/><br style=\"clear: both;\" \/><\/p>\n<p>The carbon footprint was calculated according to the BSI PAS2050 methodology and certified by Carbon Trust Certifications.<br \/>\n<br style=\"clear: both;\" \/><br style=\"clear: both;\" \/><\/p>\n<p><a href=\"https:\/\/www.fairwear.org\/about\/\"><img decoding=\"async\" class=\"alignleft wp-image-881 lazyload\" data-src=\"https:\/\/www.yestoday.fr\/wp-content\/uploads\/2019\/09\/fair_wear.png\" alt=\"\" width=\"50\" height=\"72\" src=\"data:image\/svg+xml;base64,PHN2ZyB3aWR0aD0iMSIgaGVpZ2h0PSIxIiB4bWxucz0iaHR0cDovL3d3dy53My5vcmcvMjAwMC9zdmciPjwvc3ZnPg==\" style=\"--smush-placeholder-width: 50px; --smush-placeholder-aspect-ratio: 50\/72;\" \/><\/a> <a href=\"https:\/\/www.global-standard.org\/\"><img decoding=\"async\" class=\"alignnone wp-image-879 lazyload\" data-src=\"https:\/\/www.yestoday.fr\/wp-content\/uploads\/2019\/09\/organic_textiles.png\" alt=\"\" width=\"78\" height=\"78\" src=\"data:image\/svg+xml;base64,PHN2ZyB3aWR0aD0iMSIgaGVpZ2h0PSIxIiB4bWxucz0iaHR0cDovL3d3dy53My5vcmcvMjAwMC9zdmciPjwvc3ZnPg==\" style=\"--smush-placeholder-width: 78px; --smush-placeholder-aspect-ratio: 78\/78;\" \/><\/a><br \/>\n<br style=\"clear: both;\" \/><br style=\"clear: both;\" \/><\/p>\n<p><br style=\"clear: both;\" \/><br style=\"clear: both;\" \/><a name=\"Frais de port\"><\/a><span style=\"color: #ff0000;\"><strong>Shipping<\/strong><\/span><br \/>\n<br style=\"clear: both;\" \/><br style=\"clear: both;\" \/>The package weighs less than 500g.<br style=\"clear: both;\" \/>It is 29cm in width, 29cm in length, and 3 cm high.<br \/>\n<br style=\"clear: both;\" \/><br style=\"clear: both;\" \/>Shipping costs are automatically calculated in the shopping cart when you specify the desired delivery address.<br \/>\n<br style=\"clear: both;\" \/><br style=\"clear: both;\" \/><br style=\"clear: both;\" \/><br style=\"clear: both;\" \/><strong>METROPOLITAN FRANCE: \u20ac6.80<\/strong><br \/>\n<br style=\"clear: both;\" \/>(followed letter)<\/p>\n<p>ou via mondial relay<\/p>\n<p><br style=\"clear: both;\" \/><strong>ZONE FRANCE OVERSEAS 1 : 11 \u20ac<\/strong><br \/>\n<br style=\"clear: both;\" \/>(home delivered colissimo)<br style=\"clear: both;\" \/>Guadeloupe (including Saint Barth\u00e9lemy and Saint Martin), Martinique, Reunion Island, Guyana, Mayotte and Saint Pierre and Miquelon.<br \/>\n<br style=\"clear: both;\" \/><br style=\"clear: both;\" \/><strong>ZONE FRANCE OVERSEAS 2 : 13,20 \u20ac<\/strong><br \/>\n<br style=\"clear: both;\" \/>(home delivered colissimo)<br style=\"clear: both;\" \/>New Caledonia and its dependencies, French Polynesia, Wallis and Futuna Islands, French Southern and Antarctic Territories.<br \/>\n<br style=\"clear: both;\" \/><br style=\"clear: both;\" \/><\/p>\n<h3>EUROPE AND THE REST OF THE WORLD<\/h3>\n<p><br style=\"clear: both;\" \/><strong>ZONE 1 : 10,80 \u20ac<\/strong><br \/>\n<br style=\"clear: both;\" \/>(home delivered Colissimo against signature)<br \/>\n<br style=\"clear: both;\" \/>Germany, Belgium, Luxembourg, Netherlands<br \/>\n<br style=\"clear: both;\" \/><br style=\"clear: both;\" \/><strong>ZONE 2 : 11,40 \u20ac<\/strong><br \/>\n<br style=\"clear: both;\" \/>(home delivered Colissimo against signature)<br \/>\n<br style=\"clear: both;\" \/>Austria, Spain, Ireland, Italy, Portugal, United Kingdom (UK)<br \/>\n<br style=\"clear: both;\" \/><br style=\"clear: both;\" \/><strong>ZONE 3 : 12,60 \u20ac<\/strong><br \/>\n<br style=\"clear: both;\" \/>(home delivered Colissimo against signature)<br \/>\n<br style=\"clear: both;\" \/>Denmark, Czech Republic, Estonia, Hungary, Latvia, Lithuania, Poland, Slovenia, Slovakia, Sweden, Switzerland<br \/>\n<br style=\"clear: both;\" \/><br style=\"clear: both;\" \/><strong>ZONE 4 : 14,60 \u20ac<\/strong><br \/>\n<br style=\"clear: both;\" \/>(home delivered Colissimo against signature)<br \/>\n<br style=\"clear: both;\" \/>Algeria, Morocco, Tunisia, Cyprus, Bulgaria, Croatia, Cyprus, Finland, Greece, Iceland, Balearics (Spain), Ceuta (Spain), Las Palmas (Spain), Melilla (Spain)<br \/>\n<br style=\"clear: both;\" \/><br style=\"clear: both;\" \/><strong>ZONE 5 : 26 \u20ac<\/strong><br \/>\n<br style=\"clear: both;\" \/>(colissimo expert with signature)<br \/>\n<br style=\"clear: both;\" \/>China, South Korea, Hong Kong, India, Israel, Japan, Singapore, Taiwan, Thailand, Vietnam, United States (USA), Australia<br \/>\n<br style=\"clear: both;\" \/><br style=\"clear: both;\" \/><strong>ZONE 6 : 30 \u20ac<\/strong><br \/>\n<br style=\"clear: both;\" \/>(colissimo expert with signature)<br \/>\n<br style=\"clear: both;\" \/>Africa (excluding the Maghreb), the Americas (excluding the United States and Canada), the Middle East, other Asian countries, Oceania (excluding Australia)<br \/>\n<br style=\"clear: both;\" \/><\/p>\n<p>&nbsp;<\/p>\n<h5 style=\"text-align: center;\"><a href=\"#haut\">Back to top<\/a><\/h5>\n<p><br style=\"clear: both;\" \/><br style=\"clear: both;\" \/><\/p>","protected":false},"excerpt":{"rendered":"<div class=\"woocommerce-product-details__short-description\">\n<blockquote><p>Kurt Cobain s&rsquo;en est all\u00e9 il y a 30 ans.<\/p>\n<p>Yestoday le ressuscite en T-shirt grunge<\/p>\n<p>S\u00e9rigraphie culte<\/p>\n<p>T-shirt bio blanc du S au XL<\/p>\n<p>Unplugged<\/p><\/blockquote>\n<\/div>\n<p>&nbsp;<\/p>","protected":false},"featured_media":7724,"template":"","meta":{"_uag_custom_page_level_css":""},"product_brand":[],"product_cat":[309,454,308],"product_tag":[677,678,359,447,569,668,674,675,173,676],"class_list":{"0":"post-7729","1":"product","2":"type-product","3":"status-publish","4":"has-post-thumbnail","6":"product_cat-a-la-une","7":"product_cat-le-tee-de-la-semaine","8":"product_cat-t-shirts","9":"product_tag-oversized","10":"product_tag-martin","11":"product_tag-rockn-roll","12":"product_tag-denim","13":"product_tag-nirvana","14":"product_tag-stone-washed","15":"product_tag-kurt-cobain","16":"product_tag-unplugged","17":"product_tag-t-shirt","18":"product_tag-mtv","20":"first","21":"instock","22":"taxable","23":"shipping-taxable","24":"purchasable","25":"product-type-variable"},"uagb_featured_image_src":{"full":["https:\/\/yestoday.fr\/wp-content\/uploads\/2024\/04\/900_Kurt_Cobain_EP19_STW_01.png",800,900,false],"thumbnail":["https:\/\/yestoday.fr\/wp-content\/uploads\/2024\/04\/900_Kurt_Cobain_EP19_STW_01-150x150.png",150,150,true],"medium":["https:\/\/yestoday.fr\/wp-content\/uploads\/2024\/04\/900_Kurt_Cobain_EP19_STW_01-267x300.png",267,300,true],"medium_large":["https:\/\/yestoday.fr\/wp-content\/uploads\/2024\/04\/900_Kurt_Cobain_EP19_STW_01-768x864.png",640,720,true],"large":["https:\/\/yestoday.fr\/wp-content\/uploads\/2024\/04\/900_Kurt_Cobain_EP19_STW_01.png",640,720,false],"1536x1536":["https:\/\/yestoday.fr\/wp-content\/uploads\/2024\/04\/900_Kurt_Cobain_EP19_STW_01.png",800,900,false],"2048x2048":["https:\/\/yestoday.fr\/wp-content\/uploads\/2024\/04\/900_Kurt_Cobain_EP19_STW_01.png",800,900,false],"trp-custom-language-flag":["https:\/\/yestoday.fr\/wp-content\/uploads\/2024\/04\/900_Kurt_Cobain_EP19_STW_01-11x12.png",11,12,true],"woocommerce_thumbnail":["https:\/\/yestoday.fr\/wp-content\/uploads\/2024\/04\/900_Kurt_Cobain_EP19_STW_01-300x338.png",300,338,true],"woocommerce_single":["https:\/\/yestoday.fr\/wp-content\/uploads\/2024\/04\/900_Kurt_Cobain_EP19_STW_01-600x675.png",600,675,true],"woocommerce_gallery_thumbnail":["https:\/\/yestoday.fr\/wp-content\/uploads\/2024\/04\/900_Kurt_Cobain_EP19_STW_01-100x100.png",100,100,true]},"uagb_author_info":{"display_name":"Mcmontreuil","author_link":"https:\/\/yestoday.fr\/en\/author\/"},"uagb_comment_info":0,"uagb_excerpt":"Kurt Cobain s'en est all\u00e9 il y a 30 ans. Yestoday le ressuscite en T-shirt grunge S\u00e9rigraphie culte T-shirt bio blanc du S au XL Unplugged &nbsp;","_links":{"self":[{"href":"https:\/\/yestoday.fr\/en\/wp-json\/wp\/v2\/product\/7729","targetHints":{"allow":["GET"]}}],"collection":[{"href":"https:\/\/yestoday.fr\/en\/wp-json\/wp\/v2\/product"}],"about":[{"href":"https:\/\/yestoday.fr\/en\/wp-json\/wp\/v2\/types\/product"}],"wp:featuredmedia":[{"embeddable":true,"href":"https:\/\/yestoday.fr\/en\/wp-json\/wp\/v2\/media\/7724"}],"wp:attachment":[{"href":"https:\/\/yestoday.fr\/en\/wp-json\/wp\/v2\/media?parent=7729"}],"wp:term":[{"taxonomy":"product_brand","embeddable":true,"href":"https:\/\/yestoday.fr\/en\/wp-json\/wp\/v2\/product_brand?post=7729"},{"taxonomy":"product_cat","embeddable":true,"href":"https:\/\/yestoday.fr\/en\/wp-json\/wp\/v2\/product_cat?post=7729"},{"taxonomy":"product_tag","embeddable":true,"href":"https:\/\/yestoday.fr\/en\/wp-json\/wp\/v2\/product_tag?post=7729"}],"curies":[{"name":"wp","href":"https:\/\/api.w.org\/{rel}","templated":true}]}}