{"id":7763,"date":"2024-07-04T18:26:39","date_gmt":"2024-07-04T16:26:39","guid":{"rendered":"https:\/\/yestoday.fr\/?post_type=product&#038;p=7763"},"modified":"2025-11-13T12:29:51","modified_gmt":"2025-11-13T11:29:51","slug":"liberte-egalite-fraternite-sur-crop-denim","status":"publish","type":"product","link":"https:\/\/yestoday.fr\/en\/product\/liberte-egalite-fraternite-sur-crop-denim\/","title":{"rendered":"Libert\u00e9 \u00e9galit\u00e9 fraternit\u00e9 sur crop denim"},"content":{"rendered":"<p><a name=\"haut\"><\/a><\/p>\n<p>T-shirt coupe crop imprim\u00e9 \u00e0 la main dans la l\u00e9gendaire tradition artisanale Montreuilloise.<\/p>\n<p>La s\u00e9rigraphie repr\u00e9sente la devise de notre R\u00e9publique en souffrances. D\u00e9fendons, arborons encore et toujours les beaux principes de notre d\u00e9mocratie<\/p>\n<p>On montre ce \u00e0 quoi l\u2019on croit et les valeurs essentielles que l\u2019on est pr\u00eat \u00e0 d\u00e9fendre contre ceux qui les malm\u00e8nent.<\/p>\n<p>La s\u00e9rigraphie est couleur m\u00e9tal.<\/p>\n<p>Ce visuel est n\u00f4ble et ne va pas laisser indiff\u00e9rent-e.<\/p>\n<p>On the back, you'll find the brand's famous silk-screened label and hand numbering.<\/p>\n<p>Suivez-notre instagram @yestoday_spirit pour en savoir plus sur cette page d\u2019histoire.<\/p>\n<p>Ce T-shirt est couleur amande et est extr\u00eamement doux. C&rsquo;est du coton bio. Les manches sont tr\u00e8s bien coup\u00e9es.<\/p>\n<p>It rigorously respects the standards recommended by the Fair Wear Foundation.<br \/>\n<br style=\"clear: both;\" \/>You will receive your purchase in a cardboard box originally designed for 78 rpm vinyl records, recyclable.<br \/>\n<br style=\"clear: both;\" \/><\/p>\n<p><img decoding=\"async\" class=\"alignnone size-full wp-image-1904 aligncenter lazyload\" data-src=\"https:\/\/www.yestoday.fr\/wp-content\/uploads\/2019\/10\/Packaging_01_Large.png\" alt=\"\" width=\"453\" height=\"590\" src=\"data:image\/svg+xml;base64,PHN2ZyB3aWR0aD0iMSIgaGVpZ2h0PSIxIiB4bWxucz0iaHR0cDovL3d3dy53My5vcmcvMjAwMC9zdmciPjwvc3ZnPg==\" style=\"--smush-placeholder-width: 453px; --smush-placeholder-aspect-ratio: 453\/590;\" \/><\/p>\n<p>&nbsp;<\/p>\n<p>Inside, you will find your T-shirt protected by a tissue paper and a sticker of the brand.<\/p>\n<p>&nbsp;<\/p>\n<p><a href=\"#Size-guide\"><span style=\"color: #000000;\"><span style=\"color: #ff0000;\">\u2022 Size guide<\/span><\/span><\/a><\/p>\n<p><a href=\"#Certification\"><span style=\"color: #000000;\"><span style=\"color: #ff0000;\">\u2022 Certification<\/span><\/span><\/a><\/p>\n<p><a href=\"#Frais de port\"><span style=\"color: #000000;\"><span style=\"color: #ff0000;\">\u2022 Shipping<\/span><\/span><\/a><\/p>\n<p><br style=\"clear: both;\" \/><a name=\"Size-guide\"><\/a><span style=\"color: #ff0000;\"><strong>Size guide<\/strong><\/span><br \/>\n<br style=\"clear: both;\" \/>Finding the right T-shirt size for you is simple. Take one of your T-shirts that fits you well and measure the width and height as shown in the picture below.<br \/>\n<br style=\"clear: both;\" \/>Find the match on the board and you will have the perfect size.<br \/>\n<br style=\"clear: both;\" \/><img decoding=\"async\" class=\"alignnone size-medium wp-image-7572 lazyload\" data-src=\"https:\/\/yestoday.fr\/wp-content\/uploads\/2023\/09\/SIZE_GUIDE_EP26-300x288.png\" alt=\"\" width=\"300\" height=\"288\" data-srcset=\"https:\/\/yestoday.fr\/wp-content\/uploads\/2023\/09\/SIZE_GUIDE_EP26-300x288.png 300w, https:\/\/yestoday.fr\/wp-content\/uploads\/2023\/09\/SIZE_GUIDE_EP26-13x12.png 13w, https:\/\/yestoday.fr\/wp-content\/uploads\/2023\/09\/SIZE_GUIDE_EP26.png 596w\" data-sizes=\"(max-width: 300px) 100vw, 300px\" src=\"data:image\/svg+xml;base64,PHN2ZyB3aWR0aD0iMSIgaGVpZ2h0PSIxIiB4bWxucz0iaHR0cDovL3d3dy53My5vcmcvMjAwMC9zdmciPjwvc3ZnPg==\" style=\"--smush-placeholder-width: 300px; --smush-placeholder-aspect-ratio: 300\/288;\" \/><br \/>\n<br style=\"clear: both;\" \/>It's simple.<br \/>\n<br style=\"clear: both;\" \/><br style=\"clear: both;\" \/><\/p>\n<p><a name=\"Certification\"><\/a><span style=\"color: #ff0000;\"><strong>Certification<\/strong><\/span><\/p>\n<p>&nbsp;<\/p>\n<p>We strive to improve our environmental practices.<br \/>\n<br style=\"clear: both;\" \/>Our T-shirt design was chosen for its low carbon impact, achieved through a combination of low-impact organic farming, efficiency in manufacturing and transportation, and the use of renewable energy instead of fossil fuel-based grid electricity.<\/p>\n<p>&nbsp;<\/p>\n<p>The carbon footprint was calculated according to the BSI PAS2050 methodology and certified by Carbon Trust Certifications.<br \/>\n<br style=\"clear: both;\" \/><\/p>\n<p><a href=\"https:\/\/www.fairwear.org\/about\/\"><img decoding=\"async\" class=\"alignleft wp-image-881 lazyload\" data-src=\"https:\/\/www.yestoday.fr\/wp-content\/uploads\/2019\/09\/fair_wear.png\" alt=\"\" width=\"50\" height=\"72\" src=\"data:image\/svg+xml;base64,PHN2ZyB3aWR0aD0iMSIgaGVpZ2h0PSIxIiB4bWxucz0iaHR0cDovL3d3dy53My5vcmcvMjAwMC9zdmciPjwvc3ZnPg==\" style=\"--smush-placeholder-width: 50px; --smush-placeholder-aspect-ratio: 50\/72;\" \/><\/a> <a href=\"https:\/\/www.global-standard.org\/\"><img decoding=\"async\" class=\"alignnone wp-image-879 lazyload\" data-src=\"https:\/\/www.yestoday.fr\/wp-content\/uploads\/2019\/09\/organic_textiles.png\" alt=\"\" width=\"78\" height=\"78\" src=\"data:image\/svg+xml;base64,PHN2ZyB3aWR0aD0iMSIgaGVpZ2h0PSIxIiB4bWxucz0iaHR0cDovL3d3dy53My5vcmcvMjAwMC9zdmciPjwvc3ZnPg==\" style=\"--smush-placeholder-width: 78px; --smush-placeholder-aspect-ratio: 78\/78;\" \/><\/a><br \/>\n<br style=\"clear: both;\" \/><br style=\"clear: both;\" \/><a name=\"Frais de port\"><\/a><span style=\"color: #ff0000;\"><strong>Shipping<\/strong><\/span><br \/>\n<br style=\"clear: both;\" \/><br style=\"clear: both;\" \/>The package weighs less than 500g.<br style=\"clear: both;\" \/>It is 29cm in width, 29cm in length, and 3 cm high.<br \/>\n<br style=\"clear: both;\" \/><br style=\"clear: both;\" \/>Shipping costs are automatically calculated in the shopping cart when you specify the desired delivery address.<br \/>\n<br style=\"clear: both;\" \/><br style=\"clear: both;\" \/><br style=\"clear: both;\" \/><br style=\"clear: both;\" \/><strong>METROPOLITAN FRANCE: \u20ac6.80<\/strong><br \/>\n<br style=\"clear: both;\" \/>(followed letter)<br \/>\n<br style=\"clear: both;\" \/><br style=\"clear: both;\" \/><strong>ZONE FRANCE OVERSEAS 1 : 11 \u20ac<\/strong><br \/>\n<br style=\"clear: both;\" \/>(home delivered colissimo)<br style=\"clear: both;\" \/>Guadeloupe (including Saint Barth\u00e9lemy and Saint Martin), Martinique, Reunion Island, Guyana, Mayotte and Saint Pierre and Miquelon.<br \/>\n<br style=\"clear: both;\" \/><br style=\"clear: both;\" \/><strong>ZONE FRANCE OVERSEAS 2 : 13,20 \u20ac<\/strong><br \/>\n<br style=\"clear: both;\" \/>(home delivered colissimo)<br style=\"clear: both;\" \/>New Caledonia and its dependencies, French Polynesia, Wallis and Futuna Islands, French Southern and Antarctic Territories.<br \/>\n<br style=\"clear: both;\" \/><br style=\"clear: both;\" \/><\/p>\n<h3>EUROPE AND THE REST OF THE WORLD<\/h3>\n<p><br style=\"clear: both;\" \/><strong>ZONE 1 : 10,80 \u20ac<\/strong><br \/>\n<br style=\"clear: both;\" \/>(home delivered Colissimo against signature)<br \/>\n<br style=\"clear: both;\" \/>Germany, Belgium, Luxembourg, Netherlands<br \/>\n<br style=\"clear: both;\" \/><br style=\"clear: both;\" \/><strong>ZONE 2 : 11,40 \u20ac<\/strong><br \/>\n<br style=\"clear: both;\" \/>(home delivered Colissimo against signature)<br \/>\n<br style=\"clear: both;\" \/>Austria, Spain, Ireland, Italy, Portugal, United Kingdom (UK)<br \/>\n<br style=\"clear: both;\" \/><br style=\"clear: both;\" \/><strong>ZONE 3 : 12,60 \u20ac<\/strong><br \/>\n<br style=\"clear: both;\" \/>(home delivered Colissimo against signature)<br \/>\n<br style=\"clear: both;\" \/>Denmark, Czech Republic, Estonia, Hungary, Latvia, Lithuania, Poland, Slovenia, Slovakia, Sweden, Switzerland<br \/>\n<br style=\"clear: both;\" \/><br style=\"clear: both;\" \/><strong>ZONE 4 : 14,60 \u20ac<\/strong><br \/>\n<br style=\"clear: both;\" \/>(home delivered Colissimo against signature)<br \/>\n<br style=\"clear: both;\" \/>Algeria, Morocco, Tunisia, Cyprus, Bulgaria, Croatia, Cyprus, Finland, Greece, Iceland, Balearics (Spain), Ceuta (Spain), Las Palmas (Spain), Melilla (Spain)<br \/>\n<br style=\"clear: both;\" \/><br style=\"clear: both;\" \/><strong>ZONE 5 : 26 \u20ac<\/strong><br \/>\n<br style=\"clear: both;\" \/>(colissimo expert with signature)<br \/>\n<br style=\"clear: both;\" \/>China, South Korea, Hong Kong, India, Israel, Japan, Singapore, Taiwan, Thailand, Vietnam, United States (USA), Australia<br \/>\n<br style=\"clear: both;\" \/><br style=\"clear: both;\" \/><strong>ZONE 6 : 30 \u20ac<\/strong><br \/>\n<br style=\"clear: both;\" \/>(colissimo expert with signature)<br \/>\n<br style=\"clear: both;\" \/>Africa (excluding the Maghreb), the Americas (excluding the United States and Canada), the Middle East, other Asian countries, Oceania (excluding Australia)<br \/>\n<br style=\"clear: both;\" \/><\/p>\n<p>&nbsp;<\/p>\n<h5 style=\"text-align: center;\"><a href=\"#haut\">Back to top<\/a><\/h5>\n<p><br style=\"clear: both;\" \/><br style=\"clear: both;\" \/><\/p>","protected":false},"excerpt":{"rendered":"<div class=\"woocommerce-product-details__short-description\">\n<div class=\"woocommerce-product-details__short-description\">\n<p>Le point de d\u00e9part, la devise de la R\u00e9publique fran\u00e7aise<\/p>\n<p>la s\u00e9rigraphie couleur m\u00e9tal<\/p>\n<p>T-shirt denim stonewashed coton bio<\/p>\n<p>Tailles M<\/p>\n<\/div>\n<\/div>","protected":false},"featured_media":7759,"template":"","meta":{"_uag_custom_page_level_css":""},"product_brand":[],"product_cat":[309,454,308],"product_tag":[447,576,165,601,167,679,278,295],"class_list":{"0":"post-7763","1":"product","2":"type-product","3":"status-publish","4":"has-post-thumbnail","6":"product_cat-a-la-une","7":"product_cat-le-tee-de-la-semaine","8":"product_cat-t-shirts","9":"product_tag-denim","10":"product_tag-liberte","11":"product_tag-serigraphie","12":"product_tag-crop","13":"product_tag-silkscreen","14":"product_tag-fraternite","15":"product_tag-egalite","16":"product_tag-equality","18":"first","19":"outofstock","20":"taxable","21":"shipping-taxable","22":"purchasable","23":"product-type-variable"},"uagb_featured_image_src":{"full":["https:\/\/yestoday.fr\/wp-content\/uploads\/2024\/07\/CROP_EP26_DenimSW_01-copie.webp",800,900,false],"thumbnail":["https:\/\/yestoday.fr\/wp-content\/uploads\/2024\/07\/CROP_EP26_DenimSW_01-copie-150x150.webp",150,150,true],"medium":["https:\/\/yestoday.fr\/wp-content\/uploads\/2024\/07\/CROP_EP26_DenimSW_01-copie-267x300.webp",267,300,true],"medium_large":["https:\/\/yestoday.fr\/wp-content\/uploads\/2024\/07\/CROP_EP26_DenimSW_01-copie-768x864.webp",640,720,true],"large":["https:\/\/yestoday.fr\/wp-content\/uploads\/2024\/07\/CROP_EP26_DenimSW_01-copie.webp",640,720,false],"1536x1536":["https:\/\/yestoday.fr\/wp-content\/uploads\/2024\/07\/CROP_EP26_DenimSW_01-copie.webp",800,900,false],"2048x2048":["https:\/\/yestoday.fr\/wp-content\/uploads\/2024\/07\/CROP_EP26_DenimSW_01-copie.webp",800,900,false],"trp-custom-language-flag":["https:\/\/yestoday.fr\/wp-content\/uploads\/2024\/07\/CROP_EP26_DenimSW_01-copie-11x12.webp",11,12,true],"woocommerce_thumbnail":["https:\/\/yestoday.fr\/wp-content\/uploads\/2024\/07\/CROP_EP26_DenimSW_01-copie-300x338.webp",300,338,true],"woocommerce_single":["https:\/\/yestoday.fr\/wp-content\/uploads\/2024\/07\/CROP_EP26_DenimSW_01-copie-600x675.webp",600,675,true],"woocommerce_gallery_thumbnail":["https:\/\/yestoday.fr\/wp-content\/uploads\/2024\/07\/CROP_EP26_DenimSW_01-copie-100x100.webp",100,100,true]},"uagb_author_info":{"display_name":"Mcmontreuil","author_link":"https:\/\/yestoday.fr\/en\/author\/"},"uagb_comment_info":0,"uagb_excerpt":"Le point de d\u00e9part, la devise de la R\u00e9publique fran\u00e7aise la s\u00e9rigraphie couleur m\u00e9tal T-shirt denim stonewashed coton bio Tailles M","_links":{"self":[{"href":"https:\/\/yestoday.fr\/en\/wp-json\/wp\/v2\/product\/7763","targetHints":{"allow":["GET"]}}],"collection":[{"href":"https:\/\/yestoday.fr\/en\/wp-json\/wp\/v2\/product"}],"about":[{"href":"https:\/\/yestoday.fr\/en\/wp-json\/wp\/v2\/types\/product"}],"wp:featuredmedia":[{"embeddable":true,"href":"https:\/\/yestoday.fr\/en\/wp-json\/wp\/v2\/media\/7759"}],"wp:attachment":[{"href":"https:\/\/yestoday.fr\/en\/wp-json\/wp\/v2\/media?parent=7763"}],"wp:term":[{"taxonomy":"product_brand","embeddable":true,"href":"https:\/\/yestoday.fr\/en\/wp-json\/wp\/v2\/product_brand?post=7763"},{"taxonomy":"product_cat","embeddable":true,"href":"https:\/\/yestoday.fr\/en\/wp-json\/wp\/v2\/product_cat?post=7763"},{"taxonomy":"product_tag","embeddable":true,"href":"https:\/\/yestoday.fr\/en\/wp-json\/wp\/v2\/product_tag?post=7763"}],"curies":[{"name":"wp","href":"https:\/\/api.w.org\/{rel}","templated":true}]}}