{"id":7788,"date":"2024-07-05T12:50:18","date_gmt":"2024-07-05T10:50:18","guid":{"rendered":"https:\/\/yestoday.fr\/?post_type=product&#038;p=7788"},"modified":"2025-11-12T18:09:40","modified_gmt":"2025-11-12T17:09:40","slug":"liberte-egalite-fraternite-tee-noir-decollete","status":"publish","type":"product","link":"https:\/\/yestoday.fr\/en\/product\/liberte-egalite-fraternite-tee-noir-decollete\/","title":{"rendered":"Libert\u00e9 \u00e9galit\u00e9 fraternit\u00e9 Tee noir d\u00e9collet\u00e9"},"content":{"rendered":"<p><a name=\"haut\"><\/a><\/p>\n<p>Ici, un T-shirt noir avec une coupe tr\u00e8s f\u00e9minine imprim\u00e9 \u00e0 la main dans la l\u00e9gendaire tradition artisanale Montreuilloise.<\/p>\n<p>La s\u00e9rigraphie repr\u00e9sente la devise de notre R\u00e9publique en souffrances. D\u00e9fendons, arborons encore et toujours les beaux principes de notre d\u00e9mocratie.<\/p>\n<p>On montre ce \u00e0 quoi l\u2019on croit et les valeurs essentielles que l\u2019on est pr\u00eat \u00e0 d\u00e9fendre contre ceux qui les malm\u00e8nent.<\/p>\n<p>La s\u00e9rigraphie est couleur m\u00e9tal.<\/p>\n<p>Ce T-shirt est d\u00e9collet\u00e9 et convient \u00e0 toutes les morphologies.<\/p>\n<p>\u00c0 l\u2019arri\u00e8re, vous trouverez la c\u00e9l\u00e8bre \u00e9tiquette de la marque s\u00e9rigraphi\u00e9e et son num\u00e9rotage \u00e0 la main. L\u00e0 le d\u00e9sir atteint son paroxysme\u2026<\/p>\n<p>Suivez-notre instagram @yestoday_spirit pour en savoir plus sur cette page d&rsquo;histoire.<\/p>\n<p>100% organic combed cotton 190g<br \/>\n<br style=\"clear: both;\" \/>Our T-shirts strictly comply with the standards of the Fair Wear Foundation.<br \/>\n<br style=\"clear: both;\" \/>You will receive your purchase in a cardboard box originally designed for 78 rpm vinyl records, recyclable.<\/p>\n<p>&nbsp;<\/p>\n<p><img decoding=\"async\" class=\"alignnone size-full wp-image-1904 aligncenter lazyload\" data-src=\"https:\/\/www.yestoday.fr\/wp-content\/uploads\/2019\/10\/Packaging_01_Large.png\" alt=\"\" width=\"453\" height=\"590\" src=\"data:image\/svg+xml;base64,PHN2ZyB3aWR0aD0iMSIgaGVpZ2h0PSIxIiB4bWxucz0iaHR0cDovL3d3dy53My5vcmcvMjAwMC9zdmciPjwvc3ZnPg==\" style=\"--smush-placeholder-width: 453px; --smush-placeholder-aspect-ratio: 453\/590;\" \/><\/p>\n<p>&nbsp;<\/p>\n<p>\u00c0 l&rsquo;int\u00e9rieur, vous trouverez votre T-shirt prot\u00e9g\u00e9 par un papier de soie et un autocollant de la marque.<\/p>\n<p>&nbsp;<\/p>\n<p><span style=\"color: #ff0000;\"><a style=\"color: #ff0000;\" href=\"#Size-guide\">\u2022 Size guide<\/a><\/span><\/p>\n<p><span style=\"color: #ff0000;\"><a style=\"color: #ff0000;\" href=\"#Certification\">\u2022 Certification<\/a><\/span><\/p>\n<p><span style=\"color: #ff0000;\"><a style=\"color: #ff0000;\" href=\"#Frais de port\">\u2022 Shipping<\/a><\/span><\/p>\n<p><br style=\"clear: both;\" \/><a name=\"Size-guide\"><\/a><span style=\"color: #ff0000;\"><strong>Size guide<\/strong><\/span><br \/>\n<br style=\"clear: both;\" \/>Finding the right T-shirt size for you is simple. Take one of your T-shirts that fits you well and measure the width and height as shown in the picture below.<br \/>\n<br style=\"clear: both;\" \/>Find the match on the board and you will have the perfect size.<br \/>\n<br style=\"clear: both;\" \/><br style=\"clear: both;\" \/><a href=\"https:\/\/yestoday.fr\/wp-content\/uploads\/2020\/03\/SIZE_GUIDE_EP09.png\"><img decoding=\"async\" class=\"alignnone size-full wp-image-4618 lazyload\" data-src=\"https:\/\/yestoday.fr\/wp-content\/uploads\/2020\/03\/SIZE_GUIDE_EP09.png\" alt=\"\" width=\"596\" height=\"572\" data-srcset=\"https:\/\/yestoday.fr\/wp-content\/uploads\/2020\/03\/SIZE_GUIDE_EP09.png 596w, https:\/\/yestoday.fr\/wp-content\/uploads\/2020\/03\/SIZE_GUIDE_EP09-300x288.png 300w\" data-sizes=\"(max-width: 596px) 100vw, 596px\" src=\"data:image\/svg+xml;base64,PHN2ZyB3aWR0aD0iMSIgaGVpZ2h0PSIxIiB4bWxucz0iaHR0cDovL3d3dy53My5vcmcvMjAwMC9zdmciPjwvc3ZnPg==\" style=\"--smush-placeholder-width: 596px; --smush-placeholder-aspect-ratio: 596\/572;\" \/><\/a><\/p>\n<p><br style=\"clear: both;\" \/>A little example with Sarah.<\/p>\n<p><a href=\"https:\/\/yestoday.fr\/wp-content\/uploads\/2020\/03\/Sarah_EP09_Noir_SIZEGUIDE.png\"><img decoding=\"async\" class=\"alignnone size-full wp-image-4616 lazyload\" data-src=\"https:\/\/yestoday.fr\/wp-content\/uploads\/2020\/03\/Sarah_EP09_Noir_SIZEGUIDE.png\" alt=\"\" width=\"554\" height=\"721\" data-srcset=\"https:\/\/yestoday.fr\/wp-content\/uploads\/2020\/03\/Sarah_EP09_Noir_SIZEGUIDE.png 554w, https:\/\/yestoday.fr\/wp-content\/uploads\/2020\/03\/Sarah_EP09_Noir_SIZEGUIDE-300x390.png 300w, https:\/\/yestoday.fr\/wp-content\/uploads\/2020\/03\/Sarah_EP09_Noir_SIZEGUIDE-231x300.png 231w\" data-sizes=\"(max-width: 554px) 100vw, 554px\" src=\"data:image\/svg+xml;base64,PHN2ZyB3aWR0aD0iMSIgaGVpZ2h0PSIxIiB4bWxucz0iaHR0cDovL3d3dy53My5vcmcvMjAwMC9zdmciPjwvc3ZnPg==\" style=\"--smush-placeholder-width: 554px; --smush-placeholder-aspect-ratio: 554\/721;\" \/><\/a><br style=\"clear: both;\" \/><br style=\"clear: both;\" \/>Sarah, dancer and actress is 1m71 tall, weighs 52 kgs and wears an S.<br \/>\n<br style=\"clear: both;\" \/>It's simple.<br \/>\n<br style=\"clear: both;\" \/><br style=\"clear: both;\" \/><\/p>\n<p><a name=\"Certification\"><\/a><span style=\"color: #ff0000;\"><strong>Certification<\/strong><\/span><\/p>\n<p>&nbsp;<\/p>\n<p>We strive to improve our environmental practices.<br \/>\n<br style=\"clear: both;\" \/>Our T-shirt design was chosen for its low carbon impact, achieved through a combination of low-impact organic farming, efficiency in manufacturing and transportation, and the use of renewable energy instead of fossil fuel-based grid electricity.<\/p>\n<p>&nbsp;<\/p>\n<p>The carbon footprint was calculated according to the BSI PAS2050 methodology and certified by Carbon Trust Certifications.<br \/>\n<br style=\"clear: both;\" \/><\/p>\n<p><a href=\"https:\/\/www.fairwear.org\/about\/\"><img decoding=\"async\" class=\"alignleft wp-image-881 lazyload\" data-src=\"https:\/\/www.yestoday.fr\/wp-content\/uploads\/2019\/09\/fair_wear.png\" alt=\"\" width=\"50\" height=\"72\" src=\"data:image\/svg+xml;base64,PHN2ZyB3aWR0aD0iMSIgaGVpZ2h0PSIxIiB4bWxucz0iaHR0cDovL3d3dy53My5vcmcvMjAwMC9zdmciPjwvc3ZnPg==\" style=\"--smush-placeholder-width: 50px; --smush-placeholder-aspect-ratio: 50\/72;\" \/><\/a> <a href=\"https:\/\/www.global-standard.org\/\"><img decoding=\"async\" class=\"alignnone wp-image-879 lazyload\" data-src=\"https:\/\/www.yestoday.fr\/wp-content\/uploads\/2019\/09\/organic_textiles.png\" alt=\"\" width=\"78\" height=\"78\" src=\"data:image\/svg+xml;base64,PHN2ZyB3aWR0aD0iMSIgaGVpZ2h0PSIxIiB4bWxucz0iaHR0cDovL3d3dy53My5vcmcvMjAwMC9zdmciPjwvc3ZnPg==\" style=\"--smush-placeholder-width: 78px; --smush-placeholder-aspect-ratio: 78\/78;\" \/><\/a><br \/>\n<br style=\"clear: both;\" \/><br style=\"clear: both;\" \/><a name=\"Frais de port\"><\/a><span style=\"color: #ff0000;\"><strong>Shipping<\/strong><\/span><br \/>\n<br style=\"clear: both;\" \/><br style=\"clear: both;\" \/>The package weighs less than 500g.<br style=\"clear: both;\" \/>It is 29cm in width, 29cm in length, and 3 cm high.<br \/>\n<br style=\"clear: both;\" \/><br style=\"clear: both;\" \/>Shipping costs are automatically calculated in the shopping cart when you specify the desired delivery address.<br \/>\n<br style=\"clear: both;\" \/><br style=\"clear: both;\" \/><br style=\"clear: both;\" \/><br style=\"clear: both;\" \/><strong>METROPOLITAN FRANCE: \u20ac6.80<\/strong><br \/>\n<br style=\"clear: both;\" \/>(followed letter)<br \/>\n<br style=\"clear: both;\" \/><br style=\"clear: both;\" \/><strong>ZONE FRANCE OVERSEAS 1 : 11 \u20ac<\/strong><br \/>\n<br style=\"clear: both;\" \/>(home delivered colissimo)<br style=\"clear: both;\" \/>Guadeloupe (including Saint Barth\u00e9lemy and Saint Martin), Martinique, Reunion Island, Guyana, Mayotte and Saint Pierre and Miquelon.<br \/>\n<br style=\"clear: both;\" \/><br style=\"clear: both;\" \/><strong>ZONE FRANCE OVERSEAS 2 : 13,20 \u20ac<\/strong><br \/>\n<br style=\"clear: both;\" \/>(home delivered colissimo)<br style=\"clear: both;\" \/>New Caledonia and its dependencies, French Polynesia, Wallis and Futuna Islands, French Southern and Antarctic Territories.<br \/>\n<br style=\"clear: both;\" \/><br style=\"clear: both;\" \/><\/p>\n<h3>EUROPE AND THE REST OF THE WORLD<\/h3>\n<p><br style=\"clear: both;\" \/><strong>ZONE 1 : 10,80 \u20ac<\/strong><br \/>\n<br style=\"clear: both;\" \/>(home delivered Colissimo against signature)<br \/>\n<br style=\"clear: both;\" \/>Germany, Belgium, Luxembourg, Netherlands<br \/>\n<br style=\"clear: both;\" \/><br style=\"clear: both;\" \/><strong>ZONE 2 : 11,40 \u20ac<\/strong><br \/>\n<br style=\"clear: both;\" \/>(home delivered Colissimo against signature)<br \/>\n<br style=\"clear: both;\" \/>Austria, Spain, Ireland, Italy, Portugal, United Kingdom (UK)<br \/>\n<br style=\"clear: both;\" \/><br style=\"clear: both;\" \/><strong>ZONE 3 : 12,60 \u20ac<\/strong><br \/>\n<br style=\"clear: both;\" \/>(home delivered Colissimo against signature)<br \/>\n<br style=\"clear: both;\" \/>Denmark, Czech Republic, Estonia, Hungary, Latvia, Lithuania, Poland, Slovenia, Slovakia, Sweden, Switzerland<br \/>\n<br style=\"clear: both;\" \/><br style=\"clear: both;\" \/><strong>ZONE 4 : 14,60 \u20ac<\/strong><br \/>\n<br style=\"clear: both;\" \/>(home delivered Colissimo against signature)<br \/>\n<br style=\"clear: both;\" \/>Algeria, Morocco, Tunisia, Cyprus, Bulgaria, Croatia, Cyprus, Finland, Greece, Iceland, Balearics (Spain), Ceuta (Spain), Las Palmas (Spain), Melilla (Spain)<br \/>\n<br style=\"clear: both;\" \/><br style=\"clear: both;\" \/><strong>ZONE 5 : 26 \u20ac<\/strong><br \/>\n<br style=\"clear: both;\" \/>(colissimo expert with signature)<br \/>\n<br style=\"clear: both;\" \/>China, South Korea, Hong Kong, India, Israel, Japan, Singapore, Taiwan, Thailand, Vietnam, United States (USA), Australia<br \/>\n<br style=\"clear: both;\" \/><br style=\"clear: both;\" \/><strong>ZONE 6 : 30 \u20ac<\/strong><br \/>\n<br style=\"clear: both;\" \/>(colissimo expert with signature)<br \/>\n<br style=\"clear: both;\" \/>Africa (excluding the Maghreb), the Americas (excluding the United States and Canada), the Middle East, other Asian countries, Oceania (excluding Australia)<br \/>\n<br style=\"clear: both;\" \/><\/p>\n<p>&nbsp;<\/p>\n<h5 style=\"text-align: center;\"><a href=\"#haut\">Back to top<\/a><\/h5>\n<p><br style=\"clear: both;\" \/><br style=\"clear: both;\" \/><\/p>","protected":false},"excerpt":{"rendered":"<div class=\"woocommerce-product-details__short-description\">\n<div class=\"woocommerce-product-details__short-description\">\n<div class=\"woocommerce-product-details__short-description\">\n<p>Le point de d\u00e9part, la devise de la R\u00e9publique fran\u00e7aise<\/p>\n<p>Libert\u00e9, \u00e9galit\u00e9, fraternit\u00e9<\/p>\n<p>La s\u00e9rigraphie couleur m\u00e9tal<\/p>\n<p>Un Tee tr\u00e8s f\u00e9minin d\u00e9collet\u00e9<\/p>\n<\/div>\n<\/div>\n<\/div>\n<p>Du S au XL<\/p>","protected":false},"featured_media":7766,"template":"","meta":{"_uag_custom_page_level_css":""},"product_brand":[],"product_cat":[309,454,308],"product_tag":[684,194,278,540,576,679,165,681,167,682],"class_list":{"0":"post-7788","1":"product","2":"type-product","3":"status-publish","4":"has-post-thumbnail","6":"product_cat-a-la-une","7":"product_cat-le-tee-de-la-semaine","8":"product_cat-t-shirts","9":"product_tag-decolette","10":"product_tag-revolution","11":"product_tag-egalite","12":"product_tag-noir","13":"product_tag-liberte","14":"product_tag-fraternite","15":"product_tag-serigraphie","16":"product_tag-devise","17":"product_tag-silkscreen","18":"product_tag-republique","20":"first","21":"instock","22":"taxable","23":"shipping-taxable","24":"purchasable","25":"product-type-variable"},"uagb_featured_image_src":{"full":["https:\/\/yestoday.fr\/wp-content\/uploads\/2024\/07\/EP09_Noir_Liberte_01.webp",800,900,false],"thumbnail":["https:\/\/yestoday.fr\/wp-content\/uploads\/2024\/07\/EP09_Noir_Liberte_01-150x150.webp",150,150,true],"medium":["https:\/\/yestoday.fr\/wp-content\/uploads\/2024\/07\/EP09_Noir_Liberte_01-267x300.webp",267,300,true],"medium_large":["https:\/\/yestoday.fr\/wp-content\/uploads\/2024\/07\/EP09_Noir_Liberte_01-768x864.webp",640,720,true],"large":["https:\/\/yestoday.fr\/wp-content\/uploads\/2024\/07\/EP09_Noir_Liberte_01.webp",640,720,false],"1536x1536":["https:\/\/yestoday.fr\/wp-content\/uploads\/2024\/07\/EP09_Noir_Liberte_01.webp",800,900,false],"2048x2048":["https:\/\/yestoday.fr\/wp-content\/uploads\/2024\/07\/EP09_Noir_Liberte_01.webp",800,900,false],"trp-custom-language-flag":["https:\/\/yestoday.fr\/wp-content\/uploads\/2024\/07\/EP09_Noir_Liberte_01-11x12.webp",11,12,true],"woocommerce_thumbnail":["https:\/\/yestoday.fr\/wp-content\/uploads\/2024\/07\/EP09_Noir_Liberte_01-300x338.webp",300,338,true],"woocommerce_single":["https:\/\/yestoday.fr\/wp-content\/uploads\/2024\/07\/EP09_Noir_Liberte_01-600x675.webp",600,675,true],"woocommerce_gallery_thumbnail":["https:\/\/yestoday.fr\/wp-content\/uploads\/2024\/07\/EP09_Noir_Liberte_01-100x100.webp",100,100,true]},"uagb_author_info":{"display_name":"Mcmontreuil","author_link":"https:\/\/yestoday.fr\/en\/author\/"},"uagb_comment_info":0,"uagb_excerpt":"Le point de d\u00e9part, la devise de la R\u00e9publique fran\u00e7aise Libert\u00e9, \u00e9galit\u00e9, fraternit\u00e9 La s\u00e9rigraphie couleur m\u00e9tal Un Tee tr\u00e8s f\u00e9minin d\u00e9collet\u00e9 Du S au XL","_links":{"self":[{"href":"https:\/\/yestoday.fr\/en\/wp-json\/wp\/v2\/product\/7788","targetHints":{"allow":["GET"]}}],"collection":[{"href":"https:\/\/yestoday.fr\/en\/wp-json\/wp\/v2\/product"}],"about":[{"href":"https:\/\/yestoday.fr\/en\/wp-json\/wp\/v2\/types\/product"}],"wp:featuredmedia":[{"embeddable":true,"href":"https:\/\/yestoday.fr\/en\/wp-json\/wp\/v2\/media\/7766"}],"wp:attachment":[{"href":"https:\/\/yestoday.fr\/en\/wp-json\/wp\/v2\/media?parent=7788"}],"wp:term":[{"taxonomy":"product_brand","embeddable":true,"href":"https:\/\/yestoday.fr\/en\/wp-json\/wp\/v2\/product_brand?post=7788"},{"taxonomy":"product_cat","embeddable":true,"href":"https:\/\/yestoday.fr\/en\/wp-json\/wp\/v2\/product_cat?post=7788"},{"taxonomy":"product_tag","embeddable":true,"href":"https:\/\/yestoday.fr\/en\/wp-json\/wp\/v2\/product_tag?post=7788"}],"curies":[{"name":"wp","href":"https:\/\/api.w.org\/{rel}","templated":true}]}}