{"id":7812,"date":"2024-10-25T14:15:22","date_gmt":"2024-10-25T12:15:22","guid":{"rendered":"https:\/\/yestoday.fr\/?post_type=product&#038;p=7812"},"modified":"2024-10-25T14:42:34","modified_gmt":"2024-10-25T12:42:34","slug":"free-paul-watson","status":"publish","type":"product","link":"https:\/\/yestoday.fr\/en\/product\/free-paul-watson\/","title":{"rendered":"Free Paul Watson"},"content":{"rendered":"<p><a name=\"haut\"><\/a><\/p>\n<p>Une col\u00e8re, une cause \u00e0 d\u00e9fendre, urgemment.<\/p>\n<p>Foutu royaume du Danemark qui prive de libert\u00e9 Paul Watson, le leader de l&rsquo;ONG Sea Shepherd, inlassable d\u00e9fenseur des baleines de par le globe.<\/p>\n<p>Il risque une extradition vers les ge\u00f4les inhumaines du Japon, \u00e0 75 ans.<\/p>\n<p>Ici, un T-shirt blanc MILITANT\u00a0 imprim\u00e9 \u00e0 la main dans la l\u00e9gendaire tradition artisanale Montreuilloise.<\/p>\n<p>La s\u00e9rigraphie repr\u00e9sente la queue d&rsquo;une baleine activiste. D\u00e9fendons Paul Watson, les baleines, la terre et ses oc\u00e9ans.<\/p>\n<p>On affiche ce \u00e0 quoi l\u2019on croit et les valeurs essentielles que l\u2019on est pr\u00eat \u00e0 d\u00e9fendre contre ceux qui les malm\u00e8nent.<\/p>\n<p>La s\u00e9rigraphie est couleur bleu oc\u00e9an.<\/p>\n<p>Ce T-shirt unisexe sied \u00e0 toutes les morphologies.<\/p>\n<p>\u00c0 l\u2019arri\u00e8re, vous trouverez la c\u00e9l\u00e8bre \u00e9tiquette de la marque s\u00e9rigraphi\u00e9e et son num\u00e9rotage \u00e0 la main. L\u00e0 le d\u00e9sir atteint son paroxysme\u2026<\/p>\n<p>Suivez-notre instagram @yestoday_spirit pour en savoir plus sur cette page d&rsquo;histoire.<\/p>\n<p>100% organic combed cotton 190g<br \/>\n<br style=\"clear: both;\" \/>Our T-shirts strictly comply with the standards of the Fair Wear Foundation.<br \/>\n<br style=\"clear: both;\" \/>You will receive your purchase in a cardboard box originally designed for 78 rpm vinyl records, recyclable.<\/p>\n<p>&nbsp;<\/p>\n<p><img decoding=\"async\" class=\"alignnone size-full wp-image-1904 aligncenter lazyload\" data-src=\"https:\/\/www.yestoday.fr\/wp-content\/uploads\/2019\/10\/Packaging_01_Large.png\" alt=\"\" width=\"453\" height=\"590\" src=\"data:image\/svg+xml;base64,PHN2ZyB3aWR0aD0iMSIgaGVpZ2h0PSIxIiB4bWxucz0iaHR0cDovL3d3dy53My5vcmcvMjAwMC9zdmciPjwvc3ZnPg==\" style=\"--smush-placeholder-width: 453px; --smush-placeholder-aspect-ratio: 453\/590;\" \/><\/p>\n<p>&nbsp;<\/p>\n<p>\u00c0 l&rsquo;int\u00e9rieur, vous trouverez votre T-shirt prot\u00e9g\u00e9 par un papier de soie et un autocollant de la marque.<\/p>\n<p>&nbsp;<\/p>\n<p><span style=\"color: #ff0000;\"><a style=\"color: #ff0000;\" href=\"#Size-guide\">\u2022 Size guide<\/a><\/span><\/p>\n<p><span style=\"color: #ff0000;\"><a style=\"color: #ff0000;\" href=\"#Certification\">\u2022 Certification<\/a><\/span><\/p>\n<p><span style=\"color: #ff0000;\"><a style=\"color: #ff0000;\" href=\"#Frais de port\">\u2022 Shipping<\/a><\/span><\/p>\n<p><br style=\"clear: both;\" \/><a name=\"Size-guide\"><\/a><span style=\"color: #ff0000;\"><strong>Size guide<\/strong><\/span><br \/>\n<br style=\"clear: both;\" \/>Finding the right T-shirt size for you is simple. Take one of your T-shirts that fits you well and measure the width and height as shown in the picture below.<br \/>\n<br style=\"clear: both;\" \/>Find the match on the board and you will have the perfect size.<br \/>\n<br style=\"clear: both;\" \/><br style=\"clear: both;\" \/><img decoding=\"async\" class=\"alignnone size-medium wp-image-1907 lazyload\" data-src=\"https:\/\/yestoday.fr\/wp-content\/uploads\/2019\/10\/SIZE_GUIDE_EP18_CC_02-1-300x288.png\" alt=\"\" width=\"300\" height=\"288\" data-srcset=\"https:\/\/yestoday.fr\/wp-content\/uploads\/2019\/10\/SIZE_GUIDE_EP18_CC_02-1-300x288.png 300w, https:\/\/yestoday.fr\/wp-content\/uploads\/2019\/10\/SIZE_GUIDE_EP18_CC_02-1.png 596w\" data-sizes=\"(max-width: 300px) 100vw, 300px\" src=\"data:image\/svg+xml;base64,PHN2ZyB3aWR0aD0iMSIgaGVpZ2h0PSIxIiB4bWxucz0iaHR0cDovL3d3dy53My5vcmcvMjAwMC9zdmciPjwvc3ZnPg==\" style=\"--smush-placeholder-width: 300px; --smush-placeholder-aspect-ratio: 300\/288;\" \/><\/p>\n<p><br style=\"clear: both;\" \/>Un petit exemple<\/p>\n<p><br style=\"clear: both;\" \/><img decoding=\"async\" class=\"alignnone size-medium wp-image-1483 lazyload\" data-src=\"https:\/\/yestoday.fr\/wp-content\/uploads\/2019\/10\/NaimSarah_EP118_Noir_SIZEGUIDE-1-231x300.png\" alt=\"\" width=\"231\" height=\"300\" data-srcset=\"https:\/\/yestoday.fr\/wp-content\/uploads\/2019\/10\/NaimSarah_EP118_Noir_SIZEGUIDE-1-231x300.png 231w, https:\/\/yestoday.fr\/wp-content\/uploads\/2019\/10\/NaimSarah_EP118_Noir_SIZEGUIDE-1-300x390.png 300w, https:\/\/yestoday.fr\/wp-content\/uploads\/2019\/10\/NaimSarah_EP118_Noir_SIZEGUIDE-1.png 554w\" data-sizes=\"(max-width: 231px) 100vw, 231px\" src=\"data:image\/svg+xml;base64,PHN2ZyB3aWR0aD0iMSIgaGVpZ2h0PSIxIiB4bWxucz0iaHR0cDovL3d3dy53My5vcmcvMjAwMC9zdmciPjwvc3ZnPg==\" style=\"--smush-placeholder-width: 231px; --smush-placeholder-aspect-ratio: 231\/300;\" \/><\/p>\n<p>Sarah, dancer and actress is 1m71 tall, weighs 52 kgs and wears an S.<\/p>\n<p>Naim, actor and dancer, is 1m89 tall, weighs 74 kg and wears an M.<br \/>\n<br style=\"clear: both;\" \/>It's simple.<br \/>\n<br style=\"clear: both;\" \/><br style=\"clear: both;\" \/><\/p>\n<p><a name=\"Certification\"><\/a><span style=\"color: #ff0000;\"><strong>Certification<\/strong><\/span><\/p>\n<p>&nbsp;<\/p>\n<p>We strive to improve our environmental practices.<br \/>\n<br style=\"clear: both;\" \/>Our T-shirt design was chosen for its low carbon impact, achieved through a combination of low-impact organic farming, efficiency in manufacturing and transportation, and the use of renewable energy instead of fossil fuel-based grid electricity.<\/p>\n<p>&nbsp;<\/p>\n<p>The carbon footprint was calculated according to the BSI PAS2050 methodology and certified by Carbon Trust Certifications.<br \/>\n<br style=\"clear: both;\" \/><\/p>\n<p><a href=\"https:\/\/www.fairwear.org\/about\/\"><img decoding=\"async\" class=\"alignleft wp-image-881 lazyload\" data-src=\"https:\/\/www.yestoday.fr\/wp-content\/uploads\/2019\/09\/fair_wear.png\" alt=\"\" width=\"50\" height=\"72\" src=\"data:image\/svg+xml;base64,PHN2ZyB3aWR0aD0iMSIgaGVpZ2h0PSIxIiB4bWxucz0iaHR0cDovL3d3dy53My5vcmcvMjAwMC9zdmciPjwvc3ZnPg==\" style=\"--smush-placeholder-width: 50px; --smush-placeholder-aspect-ratio: 50\/72;\" \/><\/a> <a href=\"https:\/\/www.global-standard.org\/\"><img decoding=\"async\" class=\"alignnone wp-image-879 lazyload\" data-src=\"https:\/\/www.yestoday.fr\/wp-content\/uploads\/2019\/09\/organic_textiles.png\" alt=\"\" width=\"78\" height=\"78\" src=\"data:image\/svg+xml;base64,PHN2ZyB3aWR0aD0iMSIgaGVpZ2h0PSIxIiB4bWxucz0iaHR0cDovL3d3dy53My5vcmcvMjAwMC9zdmciPjwvc3ZnPg==\" style=\"--smush-placeholder-width: 78px; --smush-placeholder-aspect-ratio: 78\/78;\" \/><\/a><br \/>\n<br style=\"clear: both;\" \/><br style=\"clear: both;\" \/><a name=\"Frais de port\"><\/a><span style=\"color: #ff0000;\"><strong>Shipping<\/strong><\/span><br \/>\n<br style=\"clear: both;\" \/><br style=\"clear: both;\" \/>The package weighs less than 500g.<br style=\"clear: both;\" \/>It is 29cm in width, 29cm in length, and 3 cm high.<br \/>\n<br style=\"clear: both;\" \/><br style=\"clear: both;\" \/>Shipping costs are automatically calculated in the shopping cart when you specify the desired delivery address.<br \/>\n<br style=\"clear: both;\" \/><br style=\"clear: both;\" \/><br style=\"clear: both;\" \/><br style=\"clear: both;\" \/><strong>METROPOLITAN FRANCE: \u20ac6.80<\/strong><br \/>\n<br style=\"clear: both;\" \/>(followed letter)<br \/>\n<br style=\"clear: both;\" \/><br style=\"clear: both;\" \/><strong>ZONE FRANCE OVERSEAS 1 : 11 \u20ac<\/strong><br \/>\n<br style=\"clear: both;\" \/>(home delivered colissimo)<br style=\"clear: both;\" \/>Guadeloupe (including Saint Barth\u00e9lemy and Saint Martin), Martinique, Reunion Island, Guyana, Mayotte and Saint Pierre and Miquelon.<br \/>\n<br style=\"clear: both;\" \/><br style=\"clear: both;\" \/><strong>ZONE FRANCE OVERSEAS 2 : 13,20 \u20ac<\/strong><br \/>\n<br style=\"clear: both;\" \/>(home delivered colissimo)<br style=\"clear: both;\" \/>New Caledonia and its dependencies, French Polynesia, Wallis and Futuna Islands, French Southern and Antarctic Territories.<br \/>\n<br style=\"clear: both;\" \/><br style=\"clear: both;\" \/><\/p>\n<h3>EUROPE AND THE REST OF THE WORLD<\/h3>\n<p><br style=\"clear: both;\" \/><strong>ZONE 1 : 10,80 \u20ac<\/strong><br \/>\n<br style=\"clear: both;\" \/>(home delivered Colissimo against signature)<br \/>\n<br style=\"clear: both;\" \/>Germany, Belgium, Luxembourg, Netherlands<br \/>\n<br style=\"clear: both;\" \/><br style=\"clear: both;\" \/><strong>ZONE 2 : 11,40 \u20ac<\/strong><br \/>\n<br style=\"clear: both;\" \/>(home delivered Colissimo against signature)<br \/>\n<br style=\"clear: both;\" \/>Austria, Spain, Ireland, Italy, Portugal, United Kingdom (UK)<br \/>\n<br style=\"clear: both;\" \/><br style=\"clear: both;\" \/><strong>ZONE 3 : 12,60 \u20ac<\/strong><br \/>\n<br style=\"clear: both;\" \/>(home delivered Colissimo against signature)<br \/>\n<br style=\"clear: both;\" \/>Denmark, Czech Republic, Estonia, Hungary, Latvia, Lithuania, Poland, Slovenia, Slovakia, Sweden, Switzerland<br \/>\n<br style=\"clear: both;\" \/><br style=\"clear: both;\" \/><strong>ZONE 4 : 14,60 \u20ac<\/strong><br \/>\n<br style=\"clear: both;\" \/>(home delivered Colissimo against signature)<br \/>\n<br style=\"clear: both;\" \/>Algeria, Morocco, Tunisia, Cyprus, Bulgaria, Croatia, Cyprus, Finland, Greece, Iceland, Balearics (Spain), Ceuta (Spain), Las Palmas (Spain), Melilla (Spain)<br \/>\n<br style=\"clear: both;\" \/><br style=\"clear: both;\" \/><strong>ZONE 5 : 26 \u20ac<\/strong><br \/>\n<br style=\"clear: both;\" \/>(colissimo expert with signature)<br \/>\n<br style=\"clear: both;\" \/>China, South Korea, Hong Kong, India, Israel, Japan, Singapore, Taiwan, Thailand, Vietnam, United States (USA), Australia<br \/>\n<br style=\"clear: both;\" \/><br style=\"clear: both;\" \/><strong>ZONE 6 : 30 \u20ac<\/strong><br \/>\n<br style=\"clear: both;\" \/>(colissimo expert with signature)<br \/>\n<br style=\"clear: both;\" \/>Africa (excluding the Maghreb), the Americas (excluding the United States and Canada), the Middle East, other Asian countries, Oceania (excluding Australia)<br \/>\n<br style=\"clear: both;\" \/><\/p>\n<p>&nbsp;<\/p>\n<h5 style=\"text-align: center;\"><a href=\"#haut\">Back to top<\/a><\/h5>\n<p><br style=\"clear: both;\" \/><br style=\"clear: both;\" \/><\/p>","protected":false},"excerpt":{"rendered":"<div class=\"woocommerce-product-details__short-description\">\n<div class=\"woocommerce-product-details__short-description\">\n<div class=\"woocommerce-product-details__short-description\">\n<p>Le point de d\u00e9part, une arrestation arbitraire au Groenland de Paul Watson, militant iconique de la d\u00e9fense des baleines et des oc\u00e9ans.<\/p>\n<p>Une col\u00e8re qui grandit. Une envie urgente de la partager.<\/p>\n<p>Yestoday en fait un Tshirt.<\/p>\n<p>Free Paul Watson !!!<\/p>\n<p>Maintenant !<\/p>\n<\/div>\n<\/div>\n<\/div>\n<p>Du XS au XL<\/p>","protected":false},"featured_media":7817,"template":"","meta":{"_uag_custom_page_level_css":""},"product_brand":[],"product_cat":[309,454,308],"product_tag":[466,576,685,686,165,687,167,688],"class_list":{"0":"post-7812","1":"product","2":"type-product","3":"status-publish","4":"has-post-thumbnail","6":"product_cat-a-la-une","7":"product_cat-le-tee-de-la-semaine","8":"product_cat-t-shirts","9":"product_tag-blanc","10":"product_tag-liberte","11":"product_tag-paul-watson","12":"product_tag-sea-shepherd","13":"product_tag-serigraphie","14":"product_tag-prison","15":"product_tag-silkscreen","16":"product_tag-baleine","18":"first","19":"instock","20":"taxable","21":"shipping-taxable","22":"purchasable","23":"product-type-variable"},"uagb_featured_image_src":{"full":["https:\/\/yestoday.fr\/wp-content\/uploads\/2024\/10\/Paul_Watson_01.png",800,900,false],"thumbnail":["https:\/\/yestoday.fr\/wp-content\/uploads\/2024\/10\/Paul_Watson_01-150x150.png",150,150,true],"medium":["https:\/\/yestoday.fr\/wp-content\/uploads\/2024\/10\/Paul_Watson_01-267x300.png",267,300,true],"medium_large":["https:\/\/yestoday.fr\/wp-content\/uploads\/2024\/10\/Paul_Watson_01-768x864.png",640,720,true],"large":["https:\/\/yestoday.fr\/wp-content\/uploads\/2024\/10\/Paul_Watson_01.png",640,720,false],"1536x1536":["https:\/\/yestoday.fr\/wp-content\/uploads\/2024\/10\/Paul_Watson_01.png",800,900,false],"2048x2048":["https:\/\/yestoday.fr\/wp-content\/uploads\/2024\/10\/Paul_Watson_01.png",800,900,false],"trp-custom-language-flag":["https:\/\/yestoday.fr\/wp-content\/uploads\/2024\/10\/Paul_Watson_01-11x12.png",11,12,true],"woocommerce_thumbnail":["https:\/\/yestoday.fr\/wp-content\/uploads\/2024\/10\/Paul_Watson_01-300x338.png",300,338,true],"woocommerce_single":["https:\/\/yestoday.fr\/wp-content\/uploads\/2024\/10\/Paul_Watson_01-600x675.png",600,675,true],"woocommerce_gallery_thumbnail":["https:\/\/yestoday.fr\/wp-content\/uploads\/2024\/10\/Paul_Watson_01-100x100.png",100,100,true]},"uagb_author_info":{"display_name":"Mcmontreuil","author_link":"https:\/\/yestoday.fr\/en\/author\/"},"uagb_comment_info":0,"uagb_excerpt":"Le point de d\u00e9part, une arrestation arbitraire au Groenland de Paul Watson, militant iconique de la d\u00e9fense des baleines et des oc\u00e9ans. Une col\u00e8re qui grandit. Une envie urgente de la partager. Yestoday en fait un Tshirt. Free Paul Watson !!! Maintenant ! Du XS au XL","_links":{"self":[{"href":"https:\/\/yestoday.fr\/en\/wp-json\/wp\/v2\/product\/7812","targetHints":{"allow":["GET"]}}],"collection":[{"href":"https:\/\/yestoday.fr\/en\/wp-json\/wp\/v2\/product"}],"about":[{"href":"https:\/\/yestoday.fr\/en\/wp-json\/wp\/v2\/types\/product"}],"wp:featuredmedia":[{"embeddable":true,"href":"https:\/\/yestoday.fr\/en\/wp-json\/wp\/v2\/media\/7817"}],"wp:attachment":[{"href":"https:\/\/yestoday.fr\/en\/wp-json\/wp\/v2\/media?parent=7812"}],"wp:term":[{"taxonomy":"product_brand","embeddable":true,"href":"https:\/\/yestoday.fr\/en\/wp-json\/wp\/v2\/product_brand?post=7812"},{"taxonomy":"product_cat","embeddable":true,"href":"https:\/\/yestoday.fr\/en\/wp-json\/wp\/v2\/product_cat?post=7812"},{"taxonomy":"product_tag","embeddable":true,"href":"https:\/\/yestoday.fr\/en\/wp-json\/wp\/v2\/product_tag?post=7812"}],"curies":[{"name":"wp","href":"https:\/\/api.w.org\/{rel}","templated":true}]}}