{"id":7851,"date":"2024-11-27T15:37:32","date_gmt":"2024-11-27T14:37:32","guid":{"rendered":"https:\/\/yestoday.fr\/?post_type=product&#038;p=7851"},"modified":"2024-11-27T16:04:40","modified_gmt":"2024-11-27T15:04:40","slug":"veste-verte-pale-gil-scott-heron","status":"publish","type":"product","link":"https:\/\/yestoday.fr\/en\/product\/veste-verte-pale-gil-scott-heron\/","title":{"rendered":"Veste vert p\u00e2le GIL-SCOTT HERON"},"content":{"rendered":"<p>Voil\u00e0 une veste vintage verte. Elle doit dater des ann\u00e9es 90. Tous nos v\u00eatements ont une histoire. Elle est unique en \u00e9tat new old stock. Bref elle est neuve malgr\u00e9 son grand \u00e2ge. La taille est un 50 \u00e9quivalent \u00e0 un large franc allant vers le XL.<\/p>\n<p><strong>Les mensurations du v\u00eatement sont les suivantes :<\/strong> \u00e9paule \u00e0 \u00e9paule, 50 cm ; longueur des manches 60 ; de la base du col au bas du v\u00eatement 70 cm.<\/p>\n<p>Nous en avons fait une pi\u00e8ce de la collection <strong>avec sa s\u00e9rigraphie bicolore repr\u00e9sentant Gil-Scott Henron et sa r\u00e9volution non cathodique<br \/>\n<\/strong><\/p>\n<p>Elle dispose de trois poches ext\u00e9rieures et d&rsquo;une poche int\u00e9rieure.<\/p>\n<p>100 % coton irr\u00e9tr\u00e9cissable, agr\u00e9able \u00e0 souhait.<\/p>\n<p>Pour ajouter au charme , Yestoday a r\u00e9alis\u00e9 d&rsquo;autres s\u00e9rigraphies sur cette veste. Sur le haut de la manche droite, le logo \u00ab\u00a0be rare\u00a0\u00bb sur la poche avant gauche et bien s\u00fbr l\u2019\u00e9tiquette Yestoday coquine et son num\u00e9rotage \u00e0 la main, \u00e0 l&rsquo;int\u00e9rieur du v\u00eatement.<\/p>\n<p>Cette pi\u00e8ce, comme tous les produits Yestoday, a \u00e9t\u00e9 imprim\u00e9e dans la tradition artisanale Montreuilloise.<\/p>\n<p>Pour la taille, n\u2019h\u00e9sitez pas \u00e0 utiliser un ruban mesureur ou envoyez-nous un petit mail si vous d\u00e9sirez avoir plus d&rsquo;informations.<\/p>\n<p>Cette veste est pour tous-tes.<\/p>","protected":false},"excerpt":{"rendered":"<p>Une veste vintage upcycl\u00e9e couleur vert p\u00e2le en coton<br \/>\nS\u00e9rigraphie bicolore pour tous les amateurs de soul et de r\u00e9volution<br \/>\nUne veste d\u00e9sirable<br \/>\nLa Taille, 50<br \/>\nFermeture \u00e0 boutons<\/p>","protected":false},"featured_media":7854,"template":"","meta":{"_uag_custom_page_level_css":""},"product_brand":[],"product_cat":[309,248,311,334,335],"product_tag":[346,165,355,167,356,194,621,627,628,691,338,345],"class_list":{"0":"post-7851","1":"product","2":"type-product","3":"status-publish","4":"has-post-thumbnail","6":"product_cat-a-la-une","7":"product_cat-upcycling","8":"product_cat-pieces-uniques","9":"product_cat-jackets","10":"product_cat-workwear","11":"product_tag-chore-jacket","12":"product_tag-serigraphie","13":"product_tag-upcycling","14":"product_tag-silkscreen","15":"product_tag-coton","16":"product_tag-revolution","17":"product_tag-bicolore","18":"product_tag-gil-scott-henron","19":"product_tag-television","20":"product_tag-vert-pale","21":"product_tag-veste","22":"product_tag-bleu-de-travail","24":"first","25":"instock","26":"taxable","27":"shipping-taxable","28":"purchasable","29":"product-type-simple"},"uagb_featured_image_src":{"full":["https:\/\/yestoday.fr\/wp-content\/uploads\/2024\/11\/vest_vert_pale_gil_scott_heron_dos.png",2652,2983,false],"thumbnail":["https:\/\/yestoday.fr\/wp-content\/uploads\/2024\/11\/vest_vert_pale_gil_scott_heron_dos-150x150.png",150,150,true],"medium":["https:\/\/yestoday.fr\/wp-content\/uploads\/2024\/11\/vest_vert_pale_gil_scott_heron_dos-267x300.png",267,300,true],"medium_large":["https:\/\/yestoday.fr\/wp-content\/uploads\/2024\/11\/vest_vert_pale_gil_scott_heron_dos-768x864.png",640,720,true],"large":["https:\/\/yestoday.fr\/wp-content\/uploads\/2024\/11\/vest_vert_pale_gil_scott_heron_dos-910x1024.png",640,720,true],"1536x1536":["https:\/\/yestoday.fr\/wp-content\/uploads\/2024\/11\/vest_vert_pale_gil_scott_heron_dos-1366x1536.png",1366,1536,true],"2048x2048":["https:\/\/yestoday.fr\/wp-content\/uploads\/2024\/11\/vest_vert_pale_gil_scott_heron_dos-1821x2048.png",1821,2048,true],"trp-custom-language-flag":["https:\/\/yestoday.fr\/wp-content\/uploads\/2024\/11\/vest_vert_pale_gil_scott_heron_dos-11x12.png",11,12,true],"woocommerce_thumbnail":["https:\/\/yestoday.fr\/wp-content\/uploads\/2024\/11\/vest_vert_pale_gil_scott_heron_dos-300x337.png",300,337,true],"woocommerce_single":["https:\/\/yestoday.fr\/wp-content\/uploads\/2024\/11\/vest_vert_pale_gil_scott_heron_dos-600x675.png",600,675,true],"woocommerce_gallery_thumbnail":["https:\/\/yestoday.fr\/wp-content\/uploads\/2024\/11\/vest_vert_pale_gil_scott_heron_dos-100x100.png",100,100,true]},"uagb_author_info":{"display_name":"Mcmontreuil","author_link":"https:\/\/yestoday.fr\/en\/author\/"},"uagb_comment_info":0,"uagb_excerpt":"Une veste vintage upcycl\u00e9e couleur vert p\u00e2le en coton S\u00e9rigraphie bicolore pour tous les amateurs de soul et de r\u00e9volution Une veste d\u00e9sirable La Taille, 50 Fermeture \u00e0 boutons","_links":{"self":[{"href":"https:\/\/yestoday.fr\/en\/wp-json\/wp\/v2\/product\/7851","targetHints":{"allow":["GET"]}}],"collection":[{"href":"https:\/\/yestoday.fr\/en\/wp-json\/wp\/v2\/product"}],"about":[{"href":"https:\/\/yestoday.fr\/en\/wp-json\/wp\/v2\/types\/product"}],"wp:featuredmedia":[{"embeddable":true,"href":"https:\/\/yestoday.fr\/en\/wp-json\/wp\/v2\/media\/7854"}],"wp:attachment":[{"href":"https:\/\/yestoday.fr\/en\/wp-json\/wp\/v2\/media?parent=7851"}],"wp:term":[{"taxonomy":"product_brand","embeddable":true,"href":"https:\/\/yestoday.fr\/en\/wp-json\/wp\/v2\/product_brand?post=7851"},{"taxonomy":"product_cat","embeddable":true,"href":"https:\/\/yestoday.fr\/en\/wp-json\/wp\/v2\/product_cat?post=7851"},{"taxonomy":"product_tag","embeddable":true,"href":"https:\/\/yestoday.fr\/en\/wp-json\/wp\/v2\/product_tag?post=7851"}],"curies":[{"name":"wp","href":"https:\/\/api.w.org\/{rel}","templated":true}]}}