{"id":7894,"date":"2024-12-03T12:07:12","date_gmt":"2024-12-03T11:07:12","guid":{"rendered":"https:\/\/yestoday.fr\/?post_type=product&#038;p=7894"},"modified":"2025-02-22T19:19:57","modified_gmt":"2025-02-22T18:19:57","slug":"kiss-me-kiss-me-kiss-me-tee-noir","status":"publish","type":"product","link":"https:\/\/yestoday.fr\/en\/product\/kiss-me-kiss-me-kiss-me-tee-noir\/","title":{"rendered":"Kiss me Kiss me Kiss me Tee noir"},"content":{"rendered":"<p><a name=\"haut\"><\/a><\/p>\n<p>T-shirt noir en coton bio imprim\u00e9 \u00e0 la main dans la l\u00e9gendaire tradition artisanale Montreuilloise.<\/p>\n<p>La s\u00e9rigraphie est un Tribute \u00e0 Robert Smith du groupe anglais <em>The Cure<\/em> qui effectue un grand retour en cette fin d&rsquo;ann\u00e9e 2024 avec son dernier album, <em>Songs of a lost world<\/em>.<\/p>\n<p>Nous avons d\u00e9cid\u00e9 de mettre en exergue le rapport privil\u00e9gi\u00e9 de Robert Smith avec ses fans, en utilisant le titre de son album de 1987, <em>Kiss me, Kiss me, kiss me<\/em>. Avec cet album, Robert et son groupe acc\u00e8dait \u00e0 un<span class=\"poltext\" style=\"color: #000000;\"> nouveau statut et \u00e9tait pr\u00eat \u00e0 embrasser goul\u00fbment le monde entier. \u00c0 vous d&#8217;embrasser ce nouveau T-shirt Yestoday.<br \/>\n<\/span><\/p>\n<p>La s\u00e9rigraphie est couleur jaune, rendu particuli\u00e8rement lumineux.<\/p>\n<p>Le T-shirt a un col rond. Ce mod\u00e8le est r\u00e9ellement unisexe et doux \u00e0 souhait.<\/p>\n<p>Tirage limit\u00e9, devenez rare avec Yestoday.<\/p>\n<p>Chaque T-shirt est num\u00e9rot\u00e9 \u00e0 la main sur l&rsquo;\u00e9tiquette s\u00e9rigraphi\u00e9e \u00e0 l&rsquo;arri\u00e8re du v\u00eatement.<\/p>\n<p>100% organic combed cotton 190g<\/p>\n<p>Our T-shirts strictly comply with the standards of the Fair Wear Foundation.<\/p>\n<p>Vous recevrez votre achat dans en emballage en carton con\u00e7u \u00e0 l&rsquo;origine pour des vinyles 78 tours.<\/p>\n<p><img decoding=\"async\" class=\"alignnone size-full wp-image-1904 aligncenter lazyload\" data-src=\"https:\/\/www.yestoday.fr\/wp-content\/uploads\/2019\/10\/Packaging_01_Large.png\" alt=\"\" width=\"453\" height=\"590\" src=\"data:image\/svg+xml;base64,PHN2ZyB3aWR0aD0iMSIgaGVpZ2h0PSIxIiB4bWxucz0iaHR0cDovL3d3dy53My5vcmcvMjAwMC9zdmciPjwvc3ZnPg==\" style=\"--smush-placeholder-width: 453px; --smush-placeholder-aspect-ratio: 453\/590;\" \/><\/p>\n<p>\u00c0 l&rsquo;int\u00e9rieur, vous trouverez votre T-shirt prot\u00e9g\u00e9 par un papier de soie et un autocollant de la marque.<br style=\"clear: both;\" \/><br style=\"clear: both;\" \/><\/p>\n<p><span style=\"color: #ff0000;\"><a style=\"color: #ff0000;\" href=\"#Size-guide\">\u2022 Size guide<\/a><\/span><\/p>\n<p><span style=\"color: #ff0000;\"><a style=\"color: #ff0000;\" href=\"#Certification\">\u2022 Certification<\/a><\/span><\/p>\n<p><span style=\"color: #ff0000;\"><a style=\"color: #ff0000;\" href=\"#Frais de port\">\u2022 Shipping<\/a><\/span><\/p>\n<p>&nbsp;<\/p>\n<p><a name=\"Size-guide\"><\/a><span style=\"color: #ff0000;\"><strong>Size guide<\/strong><\/span><br \/>\n<br style=\"clear: both;\" \/><br style=\"clear: both;\" \/>Finding the right T-shirt size for you is simple. Take one of your T-shirts that fits you well and measure the width and height as shown in the picture below.<br \/>\n<br style=\"clear: both;\" \/>Find the match on the board and you will have the perfect size.<br \/>\n<br style=\"clear: both;\" \/><img decoding=\"async\" class=\"alignnone size-medium wp-image-1907 lazyload\" data-src=\"https:\/\/yestoday.fr\/wp-content\/uploads\/2019\/10\/SIZE_GUIDE_EP18_CC_02-1-300x288.png\" alt=\"\" width=\"300\" height=\"288\" data-srcset=\"https:\/\/yestoday.fr\/wp-content\/uploads\/2019\/10\/SIZE_GUIDE_EP18_CC_02-1-300x288.png 300w, https:\/\/yestoday.fr\/wp-content\/uploads\/2019\/10\/SIZE_GUIDE_EP18_CC_02-1.png 596w\" data-sizes=\"(max-width: 300px) 100vw, 300px\" src=\"data:image\/svg+xml;base64,PHN2ZyB3aWR0aD0iMSIgaGVpZ2h0PSIxIiB4bWxucz0iaHR0cDovL3d3dy53My5vcmcvMjAwMC9zdmciPjwvc3ZnPg==\" style=\"--smush-placeholder-width: 300px; --smush-placeholder-aspect-ratio: 300\/288;\" \/><\/p>\n<p><br style=\"clear: both;\" \/><br style=\"clear: both;\" \/><\/p>\n<p><a name=\"Certification\"><\/a><span style=\"color: #ff0000;\"><strong>Certification<\/strong><\/span><\/p>\n<p>&nbsp;<\/p>\n<p>We strive to improve our environmental practices.<br \/>\n<br style=\"clear: both;\" \/><br style=\"clear: both;\" \/>Our T-shirt design was chosen for its low carbon impact, achieved through a combination of low-impact organic farming, efficiency in manufacturing and transportation, and the use of renewable energy instead of fossil fuel-based grid electricity.<\/p>\n<p><br style=\"clear: both;\" \/><br style=\"clear: both;\" \/><\/p>\n<p>The carbon footprint was calculated according to the BSI PAS2050 methodology and certified by Carbon Trust Certifications.<br \/>\n<br style=\"clear: both;\" \/><br style=\"clear: both;\" \/><\/p>\n<p><a href=\"https:\/\/www.fairwear.org\/about\/\"><img decoding=\"async\" class=\"alignleft wp-image-881 lazyload\" data-src=\"https:\/\/www.yestoday.fr\/wp-content\/uploads\/2019\/09\/fair_wear.png\" alt=\"\" width=\"50\" height=\"72\" src=\"data:image\/svg+xml;base64,PHN2ZyB3aWR0aD0iMSIgaGVpZ2h0PSIxIiB4bWxucz0iaHR0cDovL3d3dy53My5vcmcvMjAwMC9zdmciPjwvc3ZnPg==\" style=\"--smush-placeholder-width: 50px; --smush-placeholder-aspect-ratio: 50\/72;\" \/><\/a> <a href=\"https:\/\/www.global-standard.org\/\"><img decoding=\"async\" class=\"alignnone wp-image-879 lazyload\" data-src=\"https:\/\/www.yestoday.fr\/wp-content\/uploads\/2019\/09\/organic_textiles.png\" alt=\"\" width=\"78\" height=\"78\" src=\"data:image\/svg+xml;base64,PHN2ZyB3aWR0aD0iMSIgaGVpZ2h0PSIxIiB4bWxucz0iaHR0cDovL3d3dy53My5vcmcvMjAwMC9zdmciPjwvc3ZnPg==\" style=\"--smush-placeholder-width: 78px; --smush-placeholder-aspect-ratio: 78\/78;\" \/><\/a><br \/>\n<br style=\"clear: both;\" \/><br style=\"clear: both;\" \/><\/p>\n<p><br style=\"clear: both;\" \/><br style=\"clear: both;\" \/><a name=\"Frais de port\"><\/a><span style=\"color: #ff0000;\"><strong>Shipping<\/strong><\/span><br \/>\n<br style=\"clear: both;\" \/><br style=\"clear: both;\" \/>The package weighs less than 500g.<br style=\"clear: both;\" \/>It is 29cm in width, 29cm in length, and 3 cm high.<br \/>\n<br style=\"clear: both;\" \/><br style=\"clear: both;\" \/>Shipping costs are automatically calculated in the shopping cart when you specify the desired delivery address.<br \/>\n<br style=\"clear: both;\" \/><br style=\"clear: both;\" \/><br style=\"clear: both;\" \/><br style=\"clear: both;\" \/><strong>METROPOLITAN FRANCE: \u20ac6.80<\/strong><br \/>\n<br style=\"clear: both;\" \/>(followed letter)<br \/>\n<br style=\"clear: both;\" \/><br style=\"clear: both;\" \/><strong>ZONE FRANCE OVERSEAS 1 : 11 \u20ac<\/strong><br \/>\n<br style=\"clear: both;\" \/>(home delivered colissimo)<br style=\"clear: both;\" \/>Guadeloupe (including Saint Barth\u00e9lemy and Saint Martin), Martinique, Reunion Island, Guyana, Mayotte and Saint Pierre and Miquelon.<br \/>\n<br style=\"clear: both;\" \/><br style=\"clear: both;\" \/><strong>ZONE FRANCE OVERSEAS 2 : 13,20 \u20ac<\/strong><br \/>\n<br style=\"clear: both;\" \/>(home delivered colissimo)<br style=\"clear: both;\" \/>New Caledonia and its dependencies, French Polynesia, Wallis and Futuna Islands, French Southern and Antarctic Territories.<br \/>\n<br style=\"clear: both;\" \/><br style=\"clear: both;\" \/><\/p>\n<h3>EUROPE AND THE REST OF THE WORLD<\/h3>\n<p><br style=\"clear: both;\" \/><strong>ZONE 1 : 10,80 \u20ac<\/strong><br \/>\n<br style=\"clear: both;\" \/>(home delivered Colissimo against signature)<br \/>\n<br style=\"clear: both;\" \/>Germany, Belgium, Luxembourg, Netherlands<br \/>\n<br style=\"clear: both;\" \/><br style=\"clear: both;\" \/><strong>ZONE 2 : 11,40 \u20ac<\/strong><br \/>\n<br style=\"clear: both;\" \/>(home delivered Colissimo against signature)<br \/>\n<br style=\"clear: both;\" \/>Austria, Spain, Ireland, Italy, Portugal, United Kingdom (UK)<br \/>\n<br style=\"clear: both;\" \/><br style=\"clear: both;\" \/><strong>ZONE 3 : 12,60 \u20ac<\/strong><br \/>\n<br style=\"clear: both;\" \/>(home delivered Colissimo against signature)<br \/>\n<br style=\"clear: both;\" \/>Denmark, Czech Republic, Estonia, Hungary, Latvia, Lithuania, Poland, Slovenia, Slovakia, Sweden, Switzerland<br \/>\n<br style=\"clear: both;\" \/><br style=\"clear: both;\" \/><strong>ZONE 4 : 14,60 \u20ac<\/strong><br \/>\n<br style=\"clear: both;\" \/>(home delivered Colissimo against signature)<br \/>\n<br style=\"clear: both;\" \/>Algeria, Morocco, Tunisia, Cyprus, Bulgaria, Croatia, Cyprus, Finland, Greece, Iceland, Balearics (Spain), Ceuta (Spain), Las Palmas (Spain), Melilla (Spain)<br \/>\n<br style=\"clear: both;\" \/><br style=\"clear: both;\" \/><strong>ZONE 5 : 26 \u20ac<\/strong><br \/>\n<br style=\"clear: both;\" \/>(colissimo expert with signature)<br \/>\n<br style=\"clear: both;\" \/>China, South Korea, Hong Kong, India, Israel, Japan, Singapore, Taiwan, Thailand, Vietnam, United States (USA), Australia<br \/>\n<br style=\"clear: both;\" \/><br style=\"clear: both;\" \/><strong>ZONE 6 : 30 \u20ac<\/strong><br \/>\n<br style=\"clear: both;\" \/>(colissimo expert with signature)<br \/>\n<br style=\"clear: both;\" \/>Africa (excluding the Maghreb), the Americas (excluding the United States and Canada), the Middle East, other Asian countries, Oceania (excluding Australia)<br \/>\n<br style=\"clear: both;\" \/><\/p>\n<p>&nbsp;<\/p>\n<h5 style=\"text-align: center;\"><a href=\"#haut\">Back to top<\/a><\/h5>\n<p><br style=\"clear: both;\" \/><br style=\"clear: both;\" \/><\/p>","protected":false},"excerpt":{"rendered":"<div class=\"woocommerce-product-details__short-description\">\n<div class=\"woocommerce-product-details__short-description\">\n<div class=\"woocommerce-product-details__short-description\">\n<p>Tribute to Robert Smith, du groupe britannique The Cure<\/p>\n<p>Yestoday c\u00e9l\u00e8bre son grand retour avec un nouvelle cr\u00e9ation<\/p>\n<p>T-shirt noir coton bio<\/p>\n<p>Tailles du S au 2X ( top pour les amateurs grandes tailles du groupe)<\/p>\n<\/div>\n<\/div>\n<\/div>\n<p>&nbsp;<\/p>","protected":false},"featured_media":7905,"template":"","meta":{"_uag_custom_page_level_css":""},"product_brand":[],"product_cat":[454,309,308],"product_tag":[447,165,576,166,677,173,679,680,278,681,300,682,683],"class_list":{"0":"post-7894","1":"product","2":"type-product","3":"status-publish","4":"has-post-thumbnail","6":"product_cat-le-tee-de-la-semaine","7":"product_cat-a-la-une","8":"product_cat-t-shirts","9":"product_tag-denim","10":"product_tag-serigraphie","11":"product_tag-liberte","12":"product_tag-sikscreen","13":"product_tag-oversized","14":"product_tag-t-shirt","15":"product_tag-fraternite","16":"product_tag-metal","17":"product_tag-egalite","18":"product_tag-devise","19":"product_tag-iconique","20":"product_tag-republique","21":"product_tag-stonewashed","23":"first","24":"instock","25":"taxable","26":"shipping-taxable","27":"purchasable","28":"product-type-variable"},"uagb_featured_image_src":{"full":["https:\/\/yestoday.fr\/wp-content\/uploads\/2024\/12\/kiss_me_robert_EP18_face.png",2276,2560,false],"thumbnail":["https:\/\/yestoday.fr\/wp-content\/uploads\/2024\/12\/kiss_me_robert_EP18_face-150x150.png",150,150,true],"medium":["https:\/\/yestoday.fr\/wp-content\/uploads\/2024\/12\/kiss_me_robert_EP18_face-267x300.png",267,300,true],"medium_large":["https:\/\/yestoday.fr\/wp-content\/uploads\/2024\/12\/kiss_me_robert_EP18_face-768x864.png",640,720,true],"large":["https:\/\/yestoday.fr\/wp-content\/uploads\/2024\/12\/kiss_me_robert_EP18_face-910x1024.png",640,720,true],"1536x1536":["https:\/\/yestoday.fr\/wp-content\/uploads\/2024\/12\/kiss_me_robert_EP18_face-1365x1536.png",1365,1536,true],"2048x2048":["https:\/\/yestoday.fr\/wp-content\/uploads\/2024\/12\/kiss_me_robert_EP18_face-1821x2048.png",1821,2048,true],"trp-custom-language-flag":["https:\/\/yestoday.fr\/wp-content\/uploads\/2024\/12\/kiss_me_robert_EP18_face-11x12.png",11,12,true],"woocommerce_thumbnail":["https:\/\/yestoday.fr\/wp-content\/uploads\/2024\/12\/kiss_me_robert_EP18_face-300x337.png",300,337,true],"woocommerce_single":["https:\/\/yestoday.fr\/wp-content\/uploads\/2024\/12\/kiss_me_robert_EP18_face-600x675.png",600,675,true],"woocommerce_gallery_thumbnail":["https:\/\/yestoday.fr\/wp-content\/uploads\/2024\/12\/kiss_me_robert_EP18_face-100x100.png",100,100,true]},"uagb_author_info":{"display_name":"Mcmontreuil","author_link":"https:\/\/yestoday.fr\/en\/author\/"},"uagb_comment_info":0,"uagb_excerpt":"Tribute to Robert Smith, du groupe britannique The Cure Yestoday c\u00e9l\u00e8bre son grand retour avec un nouvelle cr\u00e9ation T-shirt noir coton bio Tailles du S au 2X ( top pour les amateurs grandes tailles du groupe) &nbsp;","_links":{"self":[{"href":"https:\/\/yestoday.fr\/en\/wp-json\/wp\/v2\/product\/7894","targetHints":{"allow":["GET"]}}],"collection":[{"href":"https:\/\/yestoday.fr\/en\/wp-json\/wp\/v2\/product"}],"about":[{"href":"https:\/\/yestoday.fr\/en\/wp-json\/wp\/v2\/types\/product"}],"wp:featuredmedia":[{"embeddable":true,"href":"https:\/\/yestoday.fr\/en\/wp-json\/wp\/v2\/media\/7905"}],"wp:attachment":[{"href":"https:\/\/yestoday.fr\/en\/wp-json\/wp\/v2\/media?parent=7894"}],"wp:term":[{"taxonomy":"product_brand","embeddable":true,"href":"https:\/\/yestoday.fr\/en\/wp-json\/wp\/v2\/product_brand?post=7894"},{"taxonomy":"product_cat","embeddable":true,"href":"https:\/\/yestoday.fr\/en\/wp-json\/wp\/v2\/product_cat?post=7894"},{"taxonomy":"product_tag","embeddable":true,"href":"https:\/\/yestoday.fr\/en\/wp-json\/wp\/v2\/product_tag?post=7894"}],"curies":[{"name":"wp","href":"https:\/\/api.w.org\/{rel}","templated":true}]}}