{"id":7926,"date":"2024-12-07T16:59:10","date_gmt":"2024-12-07T15:59:10","guid":{"rendered":"https:\/\/yestoday.fr\/?post_type=product&#038;p=7926"},"modified":"2024-12-20T17:39:05","modified_gmt":"2024-12-20T16:39:05","slug":"veste-joy-division-54-violet","status":"publish","type":"product","link":"https:\/\/yestoday.fr\/en\/product\/veste-joy-division-54-violet\/","title":{"rendered":"Veste Joy Division taille 54 reteinte en noir"},"content":{"rendered":"<p>La base de cette cr\u00e9ation originale est une veste de travail vintage couleur originelle bleu bugatti (fabriqu\u00e9e en France ) <strong>reteinte en noir<\/strong> dans notre atelier de Montreuil. Du coup, sa patine dispose d&rsquo;un charme certain. De plus, les anciennes coutures demeurent bleues et offrent une originalit\u00e9 accrue. Les boutons sont bleus. Superbe.<\/p>\n<p>Elle est en 100% coton \u00e9pais.<\/p>\n<p>Elle est devenue une pi\u00e8ce id\u00e9ale \u00e0 s\u00e9rigraphier avec notre motif Joy Division, bicolore, violet et blanc.<\/p>\n<p><strong>Cette veste existe en taille unique. <\/strong><\/p>\n<p><strong>Les mensurations sont les suivantes<\/strong><\/p>\n<p><strong>En magasin, on dirait que c&rsquo;est un 54.<\/strong><\/p>\n<p><strong>D&rsquo;\u00e9paule \u00e0 \u00e9paule elle fait 54 cm. <\/strong><\/p>\n<p><strong>La longueur des manches est de 68 cm.<\/strong><\/p>\n<p><strong>De la base du cou au bas de la veste, la mesure est de 73 cm.<\/strong><\/p>\n<p>N\u2019h\u00e9sitez pas \u00e0 mesurer votre morphologie et une de vos vestes \u00e0 l&rsquo;aide d&rsquo;un ruban mesureur avant de craquer.<\/p>\n<p>Elle a trois poches ext\u00e9rieures, et une poche int\u00e9rieure.<\/p>\n<p>\u00c9tiquette int\u00e9rieure s\u00e9rigraphi\u00e9e et num\u00e9rot\u00e9e \u00e0 la main. Yestoday sur la manche droite. Logo \u00ab\u00a0be rare\u00a0\u00bb sur la poche gauche haute.<\/p>\n<p class=\"translation-block\">If you have any questions, write to MC by clicking here <a href=\"mailto:mc@yestoday.fr\" target=\"_blank\" rel=\"noopener noreferrer\">mc@yestoday.fr<\/a><\/p>\n<p>On vous donnera toutes les infos ou on pourra vous faire essayer dans notre atelier-boutique au 14 place de la R\u00e9publique 93100 Montreuil ou dans notre popup store du marais, situ\u00e9 38 rue des Francs Bourgeois 75004 Paris.<\/p>\n<p>&nbsp;<\/p>","protected":false},"excerpt":{"rendered":"<p>Veste de travail reteinte en noir by Yestoday<\/p>\n<p>S\u00e9rigraphie bicolore Joy Division<\/p>\n<p>Taille 54<img decoding=\"async\" class=\"alignnone size-medium wp-image-7939 lazyload\" data-src=\"https:\/\/yestoday.fr\/wp-content\/uploads\/2024\/12\/veste_joy_division_52_noir_poche-1-267x300.png\" alt=\"\" width=\"267\" height=\"300\" data-srcset=\"https:\/\/yestoday.fr\/wp-content\/uploads\/2024\/12\/veste_joy_division_52_noir_poche-1-267x300.png 267w, https:\/\/yestoday.fr\/wp-content\/uploads\/2024\/12\/veste_joy_division_52_noir_poche-1-910x1024.png 910w, https:\/\/yestoday.fr\/wp-content\/uploads\/2024\/12\/veste_joy_division_52_noir_poche-1-768x864.png 768w, https:\/\/yestoday.fr\/wp-content\/uploads\/2024\/12\/veste_joy_division_52_noir_poche-1-1365x1536.png 1365w, https:\/\/yestoday.fr\/wp-content\/uploads\/2024\/12\/veste_joy_division_52_noir_poche-1-1820x2048.png 1820w, https:\/\/yestoday.fr\/wp-content\/uploads\/2024\/12\/veste_joy_division_52_noir_poche-1-11x12.png 11w, https:\/\/yestoday.fr\/wp-content\/uploads\/2024\/12\/veste_joy_division_52_noir_poche-1-300x338.png 300w, https:\/\/yestoday.fr\/wp-content\/uploads\/2024\/12\/veste_joy_division_52_noir_poche-1-600x675.png 600w\" data-sizes=\"(max-width: 267px) 100vw, 267px\" src=\"data:image\/svg+xml;base64,PHN2ZyB3aWR0aD0iMSIgaGVpZ2h0PSIxIiB4bWxucz0iaHR0cDovL3d3dy53My5vcmcvMjAwMC9zdmciPjwvc3ZnPg==\" style=\"--smush-placeholder-width: 267px; --smush-placeholder-aspect-ratio: 267\/300;\" \/><\/p>\n<p>Ian Curtis still alive<\/p>\n<p>&nbsp;<\/p>\n<p>&nbsp;<\/p>","protected":false},"featured_media":7937,"template":"","meta":{"_uag_custom_page_level_css":""},"product_brand":[],"product_cat":[309,248,334,335],"product_tag":[339,713,355,524,540,165,707,167,708,709,710,711,712],"class_list":{"0":"post-7926","1":"product","2":"type-product","3":"status-publish","4":"has-post-thumbnail","6":"product_cat-a-la-une","7":"product_cat-upcycling","8":"product_cat-jackets","9":"product_cat-workwear","10":"product_tag-veste-de-travail","11":"product_tag-713","12":"product_tag-upcycling","13":"product_tag-teinture","14":"product_tag-noir","15":"product_tag-serigraphie","16":"product_tag-taille-52","17":"product_tag-silkscreen","18":"product_tag-veste-reteinte-en-noir","19":"product_tag-joy-division","20":"product_tag-cold-wave","21":"product_tag-ian-curtis","22":"product_tag-manchester","24":"first","25":"outofstock","26":"taxable","27":"shipping-taxable","28":"product-type-simple"},"uagb_featured_image_src":{"full":["https:\/\/yestoday.fr\/wp-content\/uploads\/2024\/12\/veste_joy_division_52_noir_dos-1.png",2276,2560,false],"thumbnail":["https:\/\/yestoday.fr\/wp-content\/uploads\/2024\/12\/veste_joy_division_52_noir_dos-1-150x150.png",150,150,true],"medium":["https:\/\/yestoday.fr\/wp-content\/uploads\/2024\/12\/veste_joy_division_52_noir_dos-1-267x300.png",267,300,true],"medium_large":["https:\/\/yestoday.fr\/wp-content\/uploads\/2024\/12\/veste_joy_division_52_noir_dos-1-768x864.png",640,720,true],"large":["https:\/\/yestoday.fr\/wp-content\/uploads\/2024\/12\/veste_joy_division_52_noir_dos-1-910x1024.png",640,720,true],"1536x1536":["https:\/\/yestoday.fr\/wp-content\/uploads\/2024\/12\/veste_joy_division_52_noir_dos-1-1366x1536.png",1366,1536,true],"2048x2048":["https:\/\/yestoday.fr\/wp-content\/uploads\/2024\/12\/veste_joy_division_52_noir_dos-1-1821x2048.png",1821,2048,true],"trp-custom-language-flag":["https:\/\/yestoday.fr\/wp-content\/uploads\/2024\/12\/veste_joy_division_52_noir_dos-1-11x12.png",11,12,true],"woocommerce_thumbnail":["https:\/\/yestoday.fr\/wp-content\/uploads\/2024\/12\/veste_joy_division_52_noir_dos-1-300x337.png",300,337,true],"woocommerce_single":["https:\/\/yestoday.fr\/wp-content\/uploads\/2024\/12\/veste_joy_division_52_noir_dos-1-600x675.png",600,675,true],"woocommerce_gallery_thumbnail":["https:\/\/yestoday.fr\/wp-content\/uploads\/2024\/12\/veste_joy_division_52_noir_dos-1-100x100.png",100,100,true]},"uagb_author_info":{"display_name":"Mcmontreuil","author_link":"https:\/\/yestoday.fr\/en\/author\/"},"uagb_comment_info":0,"uagb_excerpt":"Veste de travail reteinte en noir by Yestoday S\u00e9rigraphie bicolore Joy Division Taille 54 Ian Curtis still alive &nbsp; &nbsp;","_links":{"self":[{"href":"https:\/\/yestoday.fr\/en\/wp-json\/wp\/v2\/product\/7926","targetHints":{"allow":["GET"]}}],"collection":[{"href":"https:\/\/yestoday.fr\/en\/wp-json\/wp\/v2\/product"}],"about":[{"href":"https:\/\/yestoday.fr\/en\/wp-json\/wp\/v2\/types\/product"}],"wp:featuredmedia":[{"embeddable":true,"href":"https:\/\/yestoday.fr\/en\/wp-json\/wp\/v2\/media\/7937"}],"wp:attachment":[{"href":"https:\/\/yestoday.fr\/en\/wp-json\/wp\/v2\/media?parent=7926"}],"wp:term":[{"taxonomy":"product_brand","embeddable":true,"href":"https:\/\/yestoday.fr\/en\/wp-json\/wp\/v2\/product_brand?post=7926"},{"taxonomy":"product_cat","embeddable":true,"href":"https:\/\/yestoday.fr\/en\/wp-json\/wp\/v2\/product_cat?post=7926"},{"taxonomy":"product_tag","embeddable":true,"href":"https:\/\/yestoday.fr\/en\/wp-json\/wp\/v2\/product_tag?post=7926"}],"curies":[{"name":"wp","href":"https:\/\/api.w.org\/{rel}","templated":true}]}}