{"id":8014,"date":"2025-11-15T16:09:43","date_gmt":"2025-11-15T15:09:43","guid":{"rendered":"https:\/\/yestoday.fr\/?post_type=product&#038;p=8014"},"modified":"2026-04-10T23:32:53","modified_gmt":"2026-04-10T21:32:53","slug":"ne-paniquez-pas-organisez-vous-black","status":"publish","type":"product","link":"https:\/\/yestoday.fr\/en\/product\/ne-paniquez-pas-organisez-vous-black\/","title":{"rendered":"Ne paniquez pas, organisez-vous T-shirt black"},"content":{"rendered":"<p>Un appel \u00e0 la solidarit\u00e9, \u00e0 la mobilisation, \u00e0 l&rsquo;engagement.<\/p>\n<p>Ne perdons pas de temps pour un monde meilleur.<\/p>\n<p>Suivez-notre instagram @yestoday_spirit pour en savoir plus sur nos engagements.<\/p>\n<p>Voil\u00e0 un T-shirt col rond, couleur noire. Ce mod\u00e8le est r\u00e9ellement unisexe.<\/p>\n<p>La s\u00e9rigraphie est blanche. Devenez rare.<\/p>\n<p>Chaque T-shirt est num\u00e9rot\u00e9 \u00e0 la main sur l\u2019\u00e9tiquette s\u00e9rigraphi\u00e9e \u00e0 l\u2019int\u00e9rieur du v\u00eatement.<\/p>\n<p>100% organic combed cotton 190g<\/p>\n<p>Our T-shirts strictly comply with the standards of the Fair Wear Foundation.<\/p>\n<p>Vous recevrez votre achat dans en emballage en carton con\u00e7u \u00e0 l&rsquo;origine pour des vinyles 78 tours.<\/p>\n<p><img decoding=\"async\" class=\"alignnone size-full wp-image-1904 aligncenter lazyload\" data-src=\"https:\/\/www.yestoday.fr\/wp-content\/uploads\/2019\/10\/Packaging_01_Large.png\" alt=\"\" width=\"453\" height=\"590\" src=\"data:image\/svg+xml;base64,PHN2ZyB3aWR0aD0iMSIgaGVpZ2h0PSIxIiB4bWxucz0iaHR0cDovL3d3dy53My5vcmcvMjAwMC9zdmciPjwvc3ZnPg==\" style=\"--smush-placeholder-width: 453px; --smush-placeholder-aspect-ratio: 453\/590;\" \/><\/p>\n<p>\u00c0 l&rsquo;int\u00e9rieur, vous trouverez votre T-shirt prot\u00e9g\u00e9 par un papier de soie et un autocollant de la marque.<\/p>\n<p>&nbsp;<\/p>\n<p><span style=\"color: #ff0000;\"><a style=\"color: #ff0000;\" href=\"#Size-guide\">\u2022 Size guide<\/a><\/span><\/p>\n<p><span style=\"color: #ff0000;\"><a style=\"color: #ff0000;\" href=\"#Certification\">\u2022 Certification<\/a><\/span><\/p>\n<p><span style=\"color: #ff0000;\"><a style=\"color: #ff0000;\" href=\"#Frais de port\">\u2022 Shipping<\/a><\/span><\/p>\n<p>&nbsp;<\/p>\n<p><a name=\"Size-guide\"><\/a><span style=\"color: #ff0000;\"><strong>Size guide<\/strong><\/span><br \/>\n<br style=\"clear: both;\" \/><br style=\"clear: both;\" \/>Finding the right T-shirt size for you is simple. Take one of your T-shirts that fits you well and measure the width and height as shown in the picture below.<br \/>\n<br style=\"clear: both;\" \/>Find the match on the board and you will have the perfect size.<br \/>\n<br style=\"clear: both;\" \/><img decoding=\"async\" class=\"alignnone size-full wp-image-1907 lazyload\" data-src=\"https:\/\/www.yestoday.fr\/wp-content\/uploads\/2019\/10\/SIZE_GUIDE_EP18_CC_02.png\" alt=\"\" width=\"596\" height=\"572\" src=\"data:image\/svg+xml;base64,PHN2ZyB3aWR0aD0iMSIgaGVpZ2h0PSIxIiB4bWxucz0iaHR0cDovL3d3dy53My5vcmcvMjAwMC9zdmciPjwvc3ZnPg==\" style=\"--smush-placeholder-width: 596px; --smush-placeholder-aspect-ratio: 596\/572;\" \/><\/p>\n<p><br style=\"clear: both;\" \/>An example with Sarah and Naim :<\/p>\n<p><img decoding=\"async\" class=\"alignnone wp-image-1483 size-full lazyload\" data-src=\"https:\/\/www.yestoday.fr\/wp-content\/uploads\/2019\/10\/NaimSarah_EP118_Noir_SIZEGUIDE.png\" alt=\"\" width=\"554\" height=\"721\" src=\"data:image\/svg+xml;base64,PHN2ZyB3aWR0aD0iMSIgaGVpZ2h0PSIxIiB4bWxucz0iaHR0cDovL3d3dy53My5vcmcvMjAwMC9zdmciPjwvc3ZnPg==\" style=\"--smush-placeholder-width: 554px; --smush-placeholder-aspect-ratio: 554\/721;\" \/><br \/>\n<br style=\"clear: both;\" \/><br style=\"clear: both;\" \/>Sarah, dancer and actress is 1m71 tall, weighs 52 kgs and wears an S.<br \/>\n<br style=\"clear: both;\" \/><br style=\"clear: both;\" \/>Naim, actor and dancer, is 1m89 tall, weighs 74 kg and wears an M.<br \/>\n<br style=\"clear: both;\" \/><br style=\"clear: both;\" \/><br style=\"clear: both;\" \/>It's simple.<br \/>\n<br style=\"clear: both;\" \/><br style=\"clear: both;\" \/><\/p>\n<p><a name=\"Certification\"><\/a><span style=\"color: #ff0000;\"><strong>Certification<\/strong><\/span><\/p>\n<p>&nbsp;<\/p>\n<p>We strive to improve our environmental practices.<br \/>\n<br style=\"clear: both;\" \/><br style=\"clear: both;\" \/>Our T-shirt design was chosen for its low carbon impact, achieved through a combination of low-impact organic farming, efficiency in manufacturing and transportation, and the use of renewable energy instead of fossil fuel-based grid electricity.<\/p>\n<p><br style=\"clear: both;\" \/><br style=\"clear: both;\" \/><\/p>\n<p>The carbon footprint was calculated according to the BSI PAS2050 methodology and certified by Carbon Trust Certifications.<br \/>\n<br style=\"clear: both;\" \/><br style=\"clear: both;\" \/><\/p>\n<p><a href=\"https:\/\/www.fairwear.org\/about\/\"><img decoding=\"async\" class=\"alignleft wp-image-881 lazyload\" data-src=\"https:\/\/www.yestoday.fr\/wp-content\/uploads\/2019\/09\/fair_wear.png\" alt=\"\" width=\"50\" height=\"72\" src=\"data:image\/svg+xml;base64,PHN2ZyB3aWR0aD0iMSIgaGVpZ2h0PSIxIiB4bWxucz0iaHR0cDovL3d3dy53My5vcmcvMjAwMC9zdmciPjwvc3ZnPg==\" style=\"--smush-placeholder-width: 50px; --smush-placeholder-aspect-ratio: 50\/72;\" \/><\/a> <a href=\"https:\/\/www.global-standard.org\/\"><img decoding=\"async\" class=\"alignnone wp-image-879 lazyload\" data-src=\"https:\/\/www.yestoday.fr\/wp-content\/uploads\/2019\/09\/organic_textiles.png\" alt=\"\" width=\"78\" height=\"78\" src=\"data:image\/svg+xml;base64,PHN2ZyB3aWR0aD0iMSIgaGVpZ2h0PSIxIiB4bWxucz0iaHR0cDovL3d3dy53My5vcmcvMjAwMC9zdmciPjwvc3ZnPg==\" style=\"--smush-placeholder-width: 78px; --smush-placeholder-aspect-ratio: 78\/78;\" \/><\/a><br \/>\n<br style=\"clear: both;\" \/><br style=\"clear: both;\" \/><\/p>\n<p><br style=\"clear: both;\" \/><br style=\"clear: both;\" \/><a name=\"Frais de port\"><\/a><span style=\"color: #ff0000;\"><strong>Shipping<\/strong><\/span><br \/>\n<br style=\"clear: both;\" \/><br style=\"clear: both;\" \/>The package weighs less than 500g.<br style=\"clear: both;\" \/>It is 29cm in width, 29cm in length, and 3 cm high.<br \/>\n<br style=\"clear: both;\" \/><br style=\"clear: both;\" \/>Shipping costs are automatically calculated in the shopping cart when you specify the desired delivery address.<br \/>\n<br style=\"clear: both;\" \/><br style=\"clear: both;\" \/><br style=\"clear: both;\" \/><br style=\"clear: both;\" \/><strong>METROPOLITAN FRANCE: \u20ac6.80<\/strong><br \/>\n<br style=\"clear: both;\" \/>(followed letter)<br \/>\n<br style=\"clear: both;\" \/><br style=\"clear: both;\" \/><strong>ZONE FRANCE OVERSEAS 1 : 11 \u20ac<\/strong><br \/>\n<br style=\"clear: both;\" \/>(home delivered colissimo)<br style=\"clear: both;\" \/>Guadeloupe (including Saint Barth\u00e9lemy and Saint Martin), Martinique, Reunion Island, Guyana, Mayotte and Saint Pierre and Miquelon.<br \/>\n<br style=\"clear: both;\" \/><br style=\"clear: both;\" \/><strong>ZONE FRANCE OVERSEAS 2 : 13,20 \u20ac<\/strong><br \/>\n<br style=\"clear: both;\" \/>(home delivered colissimo)<br style=\"clear: both;\" \/>New Caledonia and its dependencies, French Polynesia, Wallis and Futuna Islands, French Southern and Antarctic Territories.<br \/>\n<br style=\"clear: both;\" \/><br style=\"clear: both;\" \/><\/p>\n<h3>EUROPE AND THE REST OF THE WORLD<\/h3>\n<p><br style=\"clear: both;\" \/><strong>ZONE 1 : 10,80 \u20ac<\/strong><br \/>\n<br style=\"clear: both;\" \/>(home delivered Colissimo against signature)<br \/>\n<br style=\"clear: both;\" \/>Germany, Belgium, Luxembourg, Netherlands<br \/>\n<br style=\"clear: both;\" \/><br style=\"clear: both;\" \/><strong>ZONE 2 : 11,40 \u20ac<\/strong><br \/>\n<br style=\"clear: both;\" \/>(home delivered Colissimo against signature)<br \/>\n<br style=\"clear: both;\" \/>Austria, Spain, Ireland, Italy, Portugal, United Kingdom (UK)<br \/>\n<br style=\"clear: both;\" \/><br style=\"clear: both;\" \/><strong>ZONE 3 : 12,60 \u20ac<\/strong><br \/>\n<br style=\"clear: both;\" \/>(home delivered Colissimo against signature)<br \/>\n<br style=\"clear: both;\" \/>Denmark, Czech Republic, Estonia, Hungary, Latvia, Lithuania, Poland, Slovenia, Slovakia, Sweden, Switzerland<br \/>\n<br style=\"clear: both;\" \/><br style=\"clear: both;\" \/><strong>ZONE 4 : 14,60 \u20ac<\/strong><br \/>\n<br style=\"clear: both;\" \/>(home delivered Colissimo against signature)<br \/>\n<br style=\"clear: both;\" \/>Algeria, Morocco, Tunisia, Cyprus, Bulgaria, Croatia, Cyprus, Finland, Greece, Iceland, Balearics (Spain), Ceuta (Spain), Las Palmas (Spain), Melilla (Spain)<br \/>\n<br style=\"clear: both;\" \/><br style=\"clear: both;\" \/><strong>ZONE 5 : 26 \u20ac<\/strong><br \/>\n<br style=\"clear: both;\" \/>(colissimo expert with signature)<br \/>\n<br style=\"clear: both;\" \/>China, South Korea, Hong Kong, India, Israel, Japan, Singapore, Taiwan, Thailand, Vietnam, United States (USA), Australia<br \/>\n<br style=\"clear: both;\" \/><br style=\"clear: both;\" \/><strong>ZONE 6 : 30 \u20ac<\/strong><br \/>\n<br style=\"clear: both;\" \/>(colissimo expert with signature)<br \/>\n<br style=\"clear: both;\" \/>Africa (excluding the Maghreb), the Americas (excluding the United States and Canada), the Middle East, other Asian countries, Oceania (excluding Australia)<br \/>\n<br style=\"clear: both;\" \/><\/p>\n<p>&nbsp;<\/p>\n<h5 style=\"text-align: center;\"><a href=\"#haut\">Back to top<\/a><\/h5>\n<p><br style=\"clear: both;\" \/><br style=\"clear: both;\" \/><\/p>","protected":false},"excerpt":{"rendered":"<div class=\"woocommerce-product-details__short-description\">\n<p>On ne l\u00e2che rien&#8230;<\/p>\n<p>On s&rsquo;engage&#8230;<\/p>\n<p>On s&rsquo;organise&#8230;<\/p>\n<p>surtout on ne panique pas !<\/p>\n<p>T shirt noir bio, serigraphie blanche, manches courtes<\/p>\n<p>Tailles du XS au XL<\/p>\n<\/div>\n<p>&nbsp;<\/p>","protected":false},"featured_media":8027,"template":"","meta":{"_uag_custom_page_level_css":""},"product_brand":[],"product_cat":[309,454,308],"product_tag":[540,615,717,169,718,173],"class_list":{"0":"post-8014","1":"product","2":"type-product","3":"status-publish","4":"has-post-thumbnail","6":"product_cat-a-la-une","7":"product_cat-le-tee-de-la-semaine","8":"product_cat-t-shirts","9":"product_tag-noir","10":"product_tag-bio","11":"product_tag-ne-paniquez-pas","12":"product_tag-solidarite","13":"product_tag-on-sorganise","14":"product_tag-t-shirt","16":"first","17":"instock","18":"taxable","19":"shipping-taxable","20":"purchasable","21":"product-type-variable"},"uagb_featured_image_src":{"full":["https:\/\/yestoday.fr\/wp-content\/uploads\/2025\/11\/ne_paniquez_pas_black-1.png",800,900,false],"thumbnail":["https:\/\/yestoday.fr\/wp-content\/uploads\/2025\/11\/ne_paniquez_pas_black-1-150x150.png",150,150,true],"medium":["https:\/\/yestoday.fr\/wp-content\/uploads\/2025\/11\/ne_paniquez_pas_black-1-267x300.png",267,300,true],"medium_large":["https:\/\/yestoday.fr\/wp-content\/uploads\/2025\/11\/ne_paniquez_pas_black-1-768x864.png",640,720,true],"large":["https:\/\/yestoday.fr\/wp-content\/uploads\/2025\/11\/ne_paniquez_pas_black-1.png",640,720,false],"1536x1536":["https:\/\/yestoday.fr\/wp-content\/uploads\/2025\/11\/ne_paniquez_pas_black-1.png",800,900,false],"2048x2048":["https:\/\/yestoday.fr\/wp-content\/uploads\/2025\/11\/ne_paniquez_pas_black-1.png",800,900,false],"trp-custom-language-flag":["https:\/\/yestoday.fr\/wp-content\/uploads\/2025\/11\/ne_paniquez_pas_black-1-11x12.png",11,12,true],"woocommerce_thumbnail":["https:\/\/yestoday.fr\/wp-content\/uploads\/2025\/11\/ne_paniquez_pas_black-1-300x338.png",300,338,true],"woocommerce_single":["https:\/\/yestoday.fr\/wp-content\/uploads\/2025\/11\/ne_paniquez_pas_black-1-600x675.png",600,675,true],"woocommerce_gallery_thumbnail":["https:\/\/yestoday.fr\/wp-content\/uploads\/2025\/11\/ne_paniquez_pas_black-1-100x100.png",100,100,true]},"uagb_author_info":{"display_name":"Mcmontreuil","author_link":"https:\/\/yestoday.fr\/en\/author\/"},"uagb_comment_info":0,"uagb_excerpt":"On ne l\u00e2che rien... On s'engage... On s'organise... surtout on ne panique pas ! T shirt noir bio, serigraphie blanche, manches courtes Tailles du XS au XL &nbsp;","_links":{"self":[{"href":"https:\/\/yestoday.fr\/en\/wp-json\/wp\/v2\/product\/8014","targetHints":{"allow":["GET"]}}],"collection":[{"href":"https:\/\/yestoday.fr\/en\/wp-json\/wp\/v2\/product"}],"about":[{"href":"https:\/\/yestoday.fr\/en\/wp-json\/wp\/v2\/types\/product"}],"wp:featuredmedia":[{"embeddable":true,"href":"https:\/\/yestoday.fr\/en\/wp-json\/wp\/v2\/media\/8027"}],"wp:attachment":[{"href":"https:\/\/yestoday.fr\/en\/wp-json\/wp\/v2\/media?parent=8014"}],"wp:term":[{"taxonomy":"product_brand","embeddable":true,"href":"https:\/\/yestoday.fr\/en\/wp-json\/wp\/v2\/product_brand?post=8014"},{"taxonomy":"product_cat","embeddable":true,"href":"https:\/\/yestoday.fr\/en\/wp-json\/wp\/v2\/product_cat?post=8014"},{"taxonomy":"product_tag","embeddable":true,"href":"https:\/\/yestoday.fr\/en\/wp-json\/wp\/v2\/product_tag?post=8014"}],"curies":[{"name":"wp","href":"https:\/\/api.w.org\/{rel}","templated":true}]}}